{"id":1305,"date":"2018-05-29T13:27:42","date_gmt":"2018-05-29T11:27:42","guid":{"rendered":"http:\/\/canvas.maksymilian.org\/?page_id=1305"},"modified":"2020-05-11T15:08:34","modified_gmt":"2020-05-11T13:08:34","slug":"ledy","status":"publish","type":"page","link":"https:\/\/canvas.pl\/en\/materialy-pos-projekty\/ledy\/","title":{"rendered":"LEDs"},"content":{"rendered":"<p class=\"qtranxs-available-languages-message qtranxs-available-languages-message-en\">Sorry, this entry is only available in <a href=\"https:\/\/canvas.pl\/pl\/wp-json\/wp\/v2\/pages\/1305\" class=\"qtranxs-available-language-link qtranxs-available-language-link-pl\" title=\"Polski\">Polski<\/a>. For the sake of viewer convenience, the content is shown below in the alternative language. You may click the link to switch the active language.<\/p><p><\/p>\n<p>Czy wiesz, \u017ce reklamy pod\u015bwietlane LED s\u0105 nawet o\u015bmiokrotnie bardziej zauwa\u017calne od tradycyjnych, statycznych napis\u00f3w reklamowych? Warto wykorzysta\u0107 ten potencja\u0142 i zdecydowa\u0107 si\u0119 na kompleksow\u0105 realizacj\u0119 nowoczesnych reklam LED u ich producenta \u2013 firmy Canvas. Poznaj nasze portfolio dotychczas wykonanych reklam z o\u015bwietleniem LED oraz dowiedz si\u0119, w jaki spos\u00f3b zaprojektujemy tak\u0105 reklam\u0119 dla Twojej firmy.<\/p>\n<h2>Reklamy LED niezast\u0105pione w skutecznym docieraniu do odbiorc\u00f3w<\/h2>\n<p>Zar\u00f3wno zewn\u0119trzne, jak i wewn\u0119trzne reklamy wykorzystuj\u0105ce o\u015bwietlenie LED niezwykle skutecznie docieraj\u0105 do szerokiej grupy odbiorc\u00f3w, wyr\u00f3\u017cniaj\u0105c si\u0119 spo\u015br\u00f3d medialnego szumu, przykuwaj\u0105c uwag\u0119 potencjalnych klient\u00f3w, zaciekawiaj\u0105c ich oraz przedstawiaj\u0105c firm\u0119, jej produkty lub us\u0142ugi.<\/p>\n<p>Reklamy pod\u015bwietlane LED \u015bwietnie sprawdzaj\u0105 si\u0119 niemal w ka\u017cdym sklepie, a ich no\u015bnikami s\u0105 g\u0142\u00f3wnie: \u00a0tablice reklamowe, pylony, roll-upy, telebimy, szyldy, standy, a tak\u017ce mniej standardowe formy. Z tego te\u017c wzgl\u0119du reklamy LED r\u00f3\u017cni\u0105 si\u0119 zastosowan\u0105 technologi\u0105, rozmiarami, miejscem ulokowania, widoczno\u015bci\u0105 czy sposobem prezentowania przekazu. Niemniej, ka\u017cde reklamy \u015bwietlne LED zaprojektowane i wyprodukowane przez firm\u0119 Canvas zagwarantuj\u0105 mo\u017cliwie najlepszy wsp\u00f3\u0142czynnik konwersji skuteczne dotarcie do potencjalnej grupy odbiorc\u00f3w.<\/p>\n<h2>Postaw na widoczno\u015b\u0107 z Canvas<\/h2>\n<p>Dzi\u0119ki o\u015bwietleniu LED mo\u017cliwe jest r\u00f3wnomierne o\u015bwietlenie ca\u0142ej wystawy, jak i o\u015bwietlenie punktowe na pojedyncze elementy. Odpowiednio dobrany rodzaj o\u015bwietlenia pozwala zwr\u00f3ci\u0107 uwag\u0119, wzbudzi\u0107 zainteresowanie, a tak\u017ce sk\u0142oni\u0107 konsumenta do zakupu. Jednocze\u015bnie dob\u00f3r odpowiedniego o\u015bwietlenia nie jest \u0142atw\u0105 spraw\u0105. Wymaga dobrania odpowiedniego rodzaju o\u015bwietlenia, jego nat\u0119\u017cenia oraz koloru. Dlatego tak wa\u017cne jest, by tworzenie kreacji powierzy\u0107 sprawdzonym specjalist\u0105.<\/p>\n<p>Warto zwr\u00f3ci\u0107 uwag\u0119 r\u00f3wnie\u017c na fakt, \u017ce reklamy pod\u015bwietlane LED s\u0105 najbardziej energooszcz\u0119dnymi oraz trwa\u0142ymi reklamami \u015bwietlnymi. Modu\u0142y \u015bwietlne wykonane w technologii LED s\u0105 w stanie pracowa\u0107 nawet do 50 tys. godzin, zapewniaj\u0105c przy tym o 90% mniejsze zu\u017cycie energii ni\u017c stosowane dotychczas standardowe \u017car\u00f3wki, \u015bwietl\u00f3wki i halogeny. Dla Twojej firmy oznacza to maksymaln\u0105 optymalizacj\u0119 koszt\u00f3w eksploatacji zam\u00f3wionych element\u00f3w z o\u015bwietleniem LED.<\/p>\n<h2>Tu znajdziesz reklamy \u015bwietlne LED dla Twojej firmy<\/h2>\n<p>Zach\u0119camy do zapoznania si\u0119 z naszymi dotychczas wykonanymi realizacjami reklam \u015bwietlnych LED, a tak\u017ce do sprawdzenia naszych pozosta\u0142ych kreacji reklamowych. Kompleksowo zajmiemy si\u0119 zaprojektowaniem, produkcj\u0105 oraz monta\u017cem element\u00f3w z o\u015bwietleniem LED we wskazanym przez Pa\u0144stwa miejscu. Nasi specjali\u015bci s\u0142u\u017c\u0105 fachow\u0105 pomoc\u0105 na ka\u017cdym etapie wsp\u00f3\u0142pracy. Maj\u0105 Pa\u0144stwo pytania? Zapraszamy do kontaktu! Z przyjemno\u015bci\u0105 rozwiejemy wszelkie w\u0105tpliwo\u015bci.<\/p>\n<p><\/p>","protected":false},"excerpt":{"rendered":"Sorry, this entry is only available in Polski. For the sake of viewer convenience, the content is shown below in the alternative language. You may click the link to switch the active language. Czy wiesz, \u017ce reklamy pod\u015bwietlane LED s\u0105 nawet o\u015bmiokrotnie bardziej zauwa\u017calne od tradycyjnych, statycznych napis\u00f3w reklamowych? Warto wykorzysta\u0107 ten potencja\u0142 i zdecydowa\u0107&#8230; <a class=\"view-article\" href=\"https:\/\/canvas.pl\/en\/materialy-pos-projekty\/ledy\/\">View Article<\/a>","protected":false},"author":1,"featured_media":0,"parent":28,"menu_order":0,"comment_status":"closed","ping_status":"closed","template":"page-templates\/portfolio-tag-grid.php","meta":{"footnotes":""},"class_list":["post-1305","page","type-page","status-publish","hentry"],"_links":{"self":[{"href":"https:\/\/canvas.pl\/en\/wp-json\/wp\/v2\/pages\/1305","targetHints":{"allow":["GET"]}}],"collection":[{"href":"https:\/\/canvas.pl\/en\/wp-json\/wp\/v2\/pages"}],"about":[{"href":"https:\/\/canvas.pl\/en\/wp-json\/wp\/v2\/types\/page"}],"author":[{"embeddable":true,"href":"https:\/\/canvas.pl\/en\/wp-json\/wp\/v2\/users\/1"}],"replies":[{"embeddable":true,"href":"https:\/\/canvas.pl\/en\/wp-json\/wp\/v2\/comments?post=1305"}],"version-history":[{"count":12,"href":"https:\/\/canvas.pl\/en\/wp-json\/wp\/v2\/pages\/1305\/revisions"}],"predecessor-version":[{"id":1612,"href":"https:\/\/canvas.pl\/en\/wp-json\/wp\/v2\/pages\/1305\/revisions\/1612"}],"up":[{"embeddable":true,"href":"https:\/\/canvas.pl\/en\/wp-json\/wp\/v2\/pages\/28"}],"wp:attachment":[{"href":"https:\/\/canvas.pl\/en\/wp-json\/wp\/v2\/media?parent=1305"}],"curies":[{"name":"wp","href":"https:\/\/api.w.org\/{rel}","templated":true}]}}