{"id":1316,"date":"2018-05-29T13:25:01","date_gmt":"2018-05-29T11:25:01","guid":{"rendered":"http:\/\/canvas.maksymilian.org\/?page_id=1316"},"modified":"2020-05-11T15:08:41","modified_gmt":"2020-05-11T13:08:41","slug":"plexy","status":"publish","type":"page","link":"https:\/\/canvas.pl\/en\/materialy-pos-projekty\/plexy\/","title":{"rendered":"Plexy"},"content":{"rendered":"<p class=\"qtranxs-available-languages-message qtranxs-available-languages-message-en\">Sorry, this entry is only available in <a href=\"https:\/\/canvas.pl\/pl\/wp-json\/wp\/v2\/pages\/1316\" class=\"qtranxs-available-language-link qtranxs-available-language-link-pl\" title=\"Polski\">Polski<\/a>. For the sake of viewer convenience, the content is shown below in the alternative language. You may click the link to switch the active language.<\/p><p><\/p>\n<p>Plexi to tworzywo sztuczne niezwykle podatne na formowanie, kszta\u0142towanie oraz barwienie. Dzi\u0119ki jego w\u0142a\u015bciwo\u015bciom z \u0142atwo\u015bci\u0105 mo\u017cemy uzyska\u0107 z niego dowolne formy reklamowe, takie jak: ekspozytory, standy, prezentery, tablice, kasetony, stojaki, litery przestrzenne i wiele, wiele wi\u0119cej. Nasi do\u015bwiadczeni specjali\u015bci pracuj\u0105cy w nowoczesnym parku maszynowym Canvas realizuj\u0105 nawet najbardziej zaawansowane i z\u0142o\u017cone materia\u0142y POS z plexi.<\/p>\n<h2>Zam\u00f3w materia\u0142y POS z plexi <strong>u specjalist\u00f3w w visual merchandisingu<\/strong><\/h2>\n<p>Zapraszamy do sprawdzenia naszych dotychczasowych realizacji oraz do zapoznania si\u0119 z pe\u0142n\u0105 ofert\u0105 firmy Canvas. Niezale\u017cnie od tego, czy chc\u0105 Pa\u0144stwo zam\u00f3wi\u0107 ekspozytory z plexi, standy z plexi, prezentery z plexi lub inne formy reklamowe, kompleksowo zajmiemy si\u0119 Pa\u0144stwa zam\u00f3wieniem od A do Z.<\/p>\n<p>Przeprowadzimy dok\u0142adny wywiad dotycz\u0105cy Pa\u0144stwa potrzeb, specyfiki grupy docelowej czy identyfikacji wizualnej Pa\u0144stwa firmy, a nast\u0119pnie wyprodukujemy zam\u00f3wion\u0105 form\u0119 reklamow\u0105 zgodnie z najnowszymi standardami i sprawdzonymi praktykami. Oferujemy r\u00f3wnie\u017c monta\u017c reklamy we wskazanym miejscu oraz kompleksowe doradztwo i wsparcie na ka\u017cdym etapie wsp\u00f3\u0142pracy.<\/p>\n<h2>Ekspozytory i standy z plexi \u2013 sprawdzone formy reklamowe w atrakcyjnej cenie<\/h2>\n<p>Je\u017celi poszukuj\u0105 Pa\u0144stwo atrakcyjnych cenowo, podatnych na kszta\u0142towanie oraz trwa\u0142ych form reklamowych, zach\u0119camy do sprawdzenia naszej oferty, w kt\u00f3rej sk\u0142ad wchodz\u0105 prezentery z plexi oraz standy i ekspozytory z plexi. Niezale\u017cnie od tego, czy jest to ekspozytor z plexi, czy inny typ materia\u0142u reklamowego, jest on w stanie ca\u0142kowicie spe\u0142ni\u0107 nawet najbardziej wymagaj\u0105ce oczekiwania.<\/p>\n<p>Plexa to materia\u0142 zapewniaj\u0105cy wysok\u0105 odporno\u015b\u0107 na uszkodzenia mechaniczne, gwarantuj\u0105cy d\u0142ug\u0105 \u017cywotno\u015b\u0107 oraz odporno\u015b\u0107 na dzia\u0142anie promieniowania UV. Co wi\u0119cej, dzi\u0119ki znacznej elastyczno\u015bci i \u0142atwo\u015bci formowania pozwala on na kreowanie dowolnych, nawet najbardziej z\u0142o\u017conych materia\u0142\u00f3w reklamowych.<\/p>\n<h2>Ekspozytory, standy, prezentery z plexi od Canvas \u2013 zaufaj profesjonalistom<\/h2>\n<p>Dzia\u0142amy na rynku od wielu lat. Do tej pory obs\u0142ugiwali\u015bmy zar\u00f3wno najwi\u0119ksze marki, jak i mniejsze przedsi\u0119biorstwa. Zatrudniamy wy\u0142\u0105cznie najlepiej wykwalifikowanych specjalist\u00f3w oraz operujemy na najnowocze\u015bniejszym parku maszynowym.<\/p>\n<p>Jako specjali\u015bci w visual merchandisingu jeste\u015bmy w stanie wykona\u0107 ka\u017cd\u0105 realizacj\u0119. Zach\u0119camy do zapoznania si\u0119 z nasz\u0105 pe\u0142n\u0105 ofert\u0105, a w przypadku pyta\u0144 lub w\u0105tpliwo\u015bci do kontaktu z naszymi doradcami. S\u0142u\u017cymy Pa\u0144stwu wsparciem na ka\u017cdym etapie wsp\u00f3\u0142pracy.<\/p>\n<p><\/p>","protected":false},"excerpt":{"rendered":"Sorry, this entry is only available in Polski. For the sake of viewer convenience, the content is shown below in the alternative language. You may click the link to switch the active language. Plexi to tworzywo sztuczne niezwykle podatne na formowanie, kszta\u0142towanie oraz barwienie. Dzi\u0119ki jego w\u0142a\u015bciwo\u015bciom z \u0142atwo\u015bci\u0105 mo\u017cemy uzyska\u0107 z niego dowolne formy&#8230; <a class=\"view-article\" href=\"https:\/\/canvas.pl\/en\/materialy-pos-projekty\/plexy\/\">View Article<\/a>","protected":false},"author":1,"featured_media":0,"parent":28,"menu_order":0,"comment_status":"closed","ping_status":"closed","template":"page-templates\/portfolio-tag-grid.php","meta":{"footnotes":""},"class_list":["post-1316","page","type-page","status-publish","hentry"],"_links":{"self":[{"href":"https:\/\/canvas.pl\/en\/wp-json\/wp\/v2\/pages\/1316","targetHints":{"allow":["GET"]}}],"collection":[{"href":"https:\/\/canvas.pl\/en\/wp-json\/wp\/v2\/pages"}],"about":[{"href":"https:\/\/canvas.pl\/en\/wp-json\/wp\/v2\/types\/page"}],"author":[{"embeddable":true,"href":"https:\/\/canvas.pl\/en\/wp-json\/wp\/v2\/users\/1"}],"replies":[{"embeddable":true,"href":"https:\/\/canvas.pl\/en\/wp-json\/wp\/v2\/comments?post=1316"}],"version-history":[{"count":4,"href":"https:\/\/canvas.pl\/en\/wp-json\/wp\/v2\/pages\/1316\/revisions"}],"predecessor-version":[{"id":1617,"href":"https:\/\/canvas.pl\/en\/wp-json\/wp\/v2\/pages\/1316\/revisions\/1617"}],"up":[{"embeddable":true,"href":"https:\/\/canvas.pl\/en\/wp-json\/wp\/v2\/pages\/28"}],"wp:attachment":[{"href":"https:\/\/canvas.pl\/en\/wp-json\/wp\/v2\/media?parent=1316"}],"curies":[{"name":"wp","href":"https:\/\/api.w.org\/{rel}","templated":true}]}}