{"id":1319,"date":"2018-05-29T13:23:33","date_gmt":"2018-05-29T11:23:33","guid":{"rendered":"http:\/\/canvas.maksymilian.org\/?page_id=1319"},"modified":"2020-05-11T15:08:35","modified_gmt":"2020-05-11T13:08:35","slug":"pos-multimedialny","status":"publish","type":"page","link":"https:\/\/canvas.pl\/en\/materialy-pos-projekty\/pos-multimedialny\/","title":{"rendered":"Pos media"},"content":{"rendered":"<p class=\"qtranxs-available-languages-message qtranxs-available-languages-message-en\">Sorry, this entry is only available in <a href=\"https:\/\/canvas.pl\/pl\/wp-json\/wp\/v2\/pages\/1319\" class=\"qtranxs-available-language-link qtranxs-available-language-link-pl\" title=\"Polski\">Polski<\/a>. For the sake of viewer convenience, the content is shown below in the alternative language. You may click the link to switch the active language.<\/p><p>Standy multimedialne zdobywaj\u0105 coraz wi\u0119ksze uznanie na rynku. Nic dziwnego, taki materia\u0142 POS jest w stanie skutecznie przekazywa\u0107 komunikat marki, efektywnie anga\u017cowa\u0107 odbiorc\u00f3w reklamy, a tak\u017ce tworzy\u0107 silniejsz\u0105 wi\u0119\u017a z mark\u0105. Stojaki multimedialne to bez w\u0105tpienia przysz\u0142o\u015b\u0107 bran\u017cy materia\u0142\u00f3w POS.<\/p>\n<h2>Sprawd\u017a, dlaczego powiniene\u015b zainwestowa\u0107 w stand multimedialny<\/h2>\n<p>Materia\u0142y POS przesz\u0142y d\u0142ug\u0105 drog\u0119, podczas kt\u00f3rej wyewoluowa\u0142y w taki spos\u00f3b, by maksymalnie zwraca\u0107 na siebie uwag\u0119 odbiorc\u00f3w, anga\u017cowa\u0107 ich, nak\u0142ania\u0107 do podejmowania zakupowych decyzji, a tak\u017ce utrwala\u0107 wizerunek marki w ich pami\u0119ci. T\u0119 form\u0119 ewolucji kontynuuj\u0105 standy multimedialne, kt\u00f3re bez w\u0105tpienia staj\u0105 si\u0119 przysz\u0142o\u015bci\u0105 materia\u0142\u00f3w wspieraj\u0105cych promocj\u0119 w miejscach sprzeda\u017cy.<\/p>\n<p>Multimedialny spos\u00f3b prezentacji tre\u015bci promocyjnych pozwala firmom i markom efektywniej kierowa\u0107 sw\u00f3j komunikat, tym samym u\u0142atwiaj\u0105c prowadzenie kampanii reklamowych w miejscach sprzeda\u017cy. Wi\u0119ksze mo\u017cliwo\u015bci i funkcjonalno\u015bci, jakie przejawiaj\u0105 stojaki multimedialne, to r\u00f3wnie\u017c o wiele wi\u0119ksze pole do popisu dla marketer\u00f3w oraz specjalist\u00f3w od visual merchandisingu, kt\u00f3rzy dzi\u0119ki nowym i lepszym narz\u0119dziom s\u0105 w stanie poprawia\u0107 sprzeda\u017c oraz zwi\u0119ksza\u0107 wsp\u00f3\u0142czynnik konwersji, a tym samym ROI (zwrotu z inwestycji).<\/p>\n<h2>Stworzymy dla Ciebie nowoczesne stojaki multimedialne<\/h2>\n<p>Jako profesjonali\u015bci od kreacji reklamowych i visual merchandisingu, jeste\u015bmy w stanie zapewni\u0107 Pa\u0144stwu najlepszej jako\u015bci standy multimedialne wykonane zgodnie z wizerunkiem marki, kt\u00f3re wyposa\u017camy w nowoczesne urz\u0105dzenia multimedialne gwarantuj\u0105ce bezawaryjno\u015b\u0107, trwa\u0142o\u015b\u0107, bezpiecze\u0144stwo eksploatacji oraz szerokie mo\u017cliwo\u015bci prezentacji tre\u015bci promocyjnych i interakcji klient\u00f3w z urz\u0105dzeniem.<\/p>\n<p>Kompleksowo zajmujemy si\u0119 realizacjami dla naszych klient\u00f3w. Prac\u0119 przy produkcji stand\u00f3w multimedialnych rozpoczynamy od dok\u0142adnego wywiadu i analizy Pa\u0144stwa potrzeb, a tak\u017ce od sprecyzowania grupy docelowej. Na podstawie tych informacji produkujemy nowoczesny stojak multimedialny, kt\u00f3ry wyposa\u017camy w najlepszej jako\u015bci urz\u0105dzenia cyfrowe. Zajmujemy si\u0119 tak\u017ce wysy\u0142k\u0105 i monta\u017cem standu multimedialnego we wskazanym miejscu oraz wsparciem powdro\u017ceniowym.<\/p>\n<p>Oprogramowanie, w kt\u00f3re wyposa\u017camy stand multimedialny, umo\u017cliwi Pa\u0144stwu m.in.: prezentowanie tre\u015bci reklamowych i promocyjnych, przedstawienie cen produkt\u00f3w, informowanie klient\u00f3w o specyfice konkretnych produkt\u00f3w, wy\u015bwietlanie ankiet do gromadzenia wiadomo\u015bci zwrotnej, wsparcie klient\u00f3w w nawigowaniu po punkcie sprzeda\u017cy czy mo\u017cliwo\u015b\u0107 za\u0142o\u017cenia konta u\u017cytkownika przez klienta.<\/p>\n<p>Zach\u0119camy do sprawdzenia naszych dotychczasowych realizacji oraz do kontaktu z ekspertami <strong>Canvas<\/strong>.<\/p>","protected":false},"excerpt":{"rendered":"Sorry, this entry is only available in Polski. For the sake of viewer convenience, the content is shown below in the alternative language. You may click the link to switch the active language.Standy multimedialne zdobywaj\u0105 coraz wi\u0119ksze uznanie na rynku. Nic dziwnego, taki materia\u0142 POS jest w stanie skutecznie przekazywa\u0107 komunikat marki, efektywnie anga\u017cowa\u0107 odbiorc\u00f3w&#8230; <a class=\"view-article\" href=\"https:\/\/canvas.pl\/en\/materialy-pos-projekty\/pos-multimedialny\/\">View Article<\/a>","protected":false},"author":1,"featured_media":0,"parent":28,"menu_order":0,"comment_status":"closed","ping_status":"closed","template":"page-templates\/portfolio-tag-grid.php","meta":{"footnotes":""},"class_list":["post-1319","page","type-page","status-publish","hentry"],"_links":{"self":[{"href":"https:\/\/canvas.pl\/en\/wp-json\/wp\/v2\/pages\/1319","targetHints":{"allow":["GET"]}}],"collection":[{"href":"https:\/\/canvas.pl\/en\/wp-json\/wp\/v2\/pages"}],"about":[{"href":"https:\/\/canvas.pl\/en\/wp-json\/wp\/v2\/types\/page"}],"author":[{"embeddable":true,"href":"https:\/\/canvas.pl\/en\/wp-json\/wp\/v2\/users\/1"}],"replies":[{"embeddable":true,"href":"https:\/\/canvas.pl\/en\/wp-json\/wp\/v2\/comments?post=1319"}],"version-history":[{"count":6,"href":"https:\/\/canvas.pl\/en\/wp-json\/wp\/v2\/pages\/1319\/revisions"}],"predecessor-version":[{"id":1613,"href":"https:\/\/canvas.pl\/en\/wp-json\/wp\/v2\/pages\/1319\/revisions\/1613"}],"up":[{"embeddable":true,"href":"https:\/\/canvas.pl\/en\/wp-json\/wp\/v2\/pages\/28"}],"wp:attachment":[{"href":"https:\/\/canvas.pl\/en\/wp-json\/wp\/v2\/media?parent=1319"}],"curies":[{"name":"wp","href":"https:\/\/api.w.org\/{rel}","templated":true}]}}