{"id":1321,"date":"2018-05-29T13:21:51","date_gmt":"2018-05-29T11:21:51","guid":{"rendered":"http:\/\/canvas.maksymilian.org\/?page_id=1321"},"modified":"2020-05-11T15:08:36","modified_gmt":"2020-05-11T13:08:36","slug":"stojak-metalowy","status":"publish","type":"page","link":"https:\/\/canvas.pl\/en\/materialy-pos-projekty\/stojak-metalowy\/","title":{"rendered":"Metal rack"},"content":{"rendered":"<p class=\"qtranxs-available-languages-message qtranxs-available-languages-message-en\">Sorry, this entry is only available in <a href=\"https:\/\/canvas.pl\/pl\/wp-json\/wp\/v2\/pages\/1321\" class=\"qtranxs-available-language-link qtranxs-available-language-link-pl\" title=\"Polski\">Polski<\/a>. For the sake of viewer convenience, the content is shown below in the alternative language. You may click the link to switch the active language.<\/p><p><\/p>\n<p>Metal to elegancki, wytrzyma\u0142y i niezwykle popularny materia\u0142, z kt\u00f3rego wykonywane s\u0105 r\u00f3\u017cnego rodzaju stojaki metalowe oraz ekspozytory. Zach\u0119camy Pa\u0144stwa do zapoznania si\u0119 z nasz\u0105 pe\u0142n\u0105 ofert\u0105, w kt\u00f3rej sk\u0142ad wchodz\u0105 ekspozytory i standy metalowe wykonane zgodnie z najnowszymi trendami oraz precyzyjnie dopasowane do potrzeb i wymog\u00f3w marki, a tak\u017ce miejsca sprzeda\u017cy.<\/p>\n<h2>Stojaki metalowe \u2013 gdy liczy si\u0119 elegancja, trwa\u0142o\u015b\u0107 i funkcjonalno\u015b\u0107<\/h2>\n<p>Jako do\u015bwiadczeni eksperci od visual merchandisingu, jeste\u015bmy w stanie zaoferowa\u0107 Pa\u0144stwu wy\u0142\u0105cznie najlepszej jako\u015bci standy metalowe wykonane zgodnie z komunikacj\u0105 wizualn\u0105 miejsca sprzeda\u017cy, serii produkt\u00f3w lub marki. Produkujemy zar\u00f3wno klasyczne standy reklamowe i ekspozytory na produkty, zach\u0119caj\u0105ce \u015bwietnym, przyci\u0105gaj\u0105cym uwag\u0119 designem, jak i multimedialne stojaki metalowe.<\/p>\n<p>Ten rodzaj stand\u00f3w reklamowych to najnowocze\u015bniejsza forma oddzia\u0142ywania na klient\u00f3w, anga\u017cowanie ich oraz tworzenie jeszcze silniejszych interakcji prowadz\u0105cych do utrwalania wizerunku marki w \u015bwiadomo\u015bci konsument\u00f3w. Tym samym multimedialne stojaki metalowe stanowi\u0105 niezwykle skuteczne narz\u0119dzie popychaj\u0105ce klient\u00f3w do podejmowania zakupowych decyzji.<\/p>\n<h2>Innowacyjne ekspozytory metalowe dostosowane do Twoich potrzeb<\/h2>\n<p>Niezale\u017cnie od tego, czy potrzebuj\u0105 Pa\u0144stwo stacjonarnych, czy mobilnych produkt\u00f3w reklamowych, jeste\u015bmy w stanie zaoferowa\u0107 najlepszej jako\u015bci metalowe ekspozytory, kt\u00f3re mo\u017cemy wyposa\u017cy\u0107 w atrakcyjn\u0105 obudow\u0119 z plexi, dibondu lub innego materia\u0142u. Ka\u017cda z naszych realizacji mo\u017ce by\u0107 opatrzona pi\u0119kn\u0105 opraw\u0105 wizualn\u0105, o\u015bwietleniem LED czy dotykowymi ekranami multimedialnymi.<\/p>\n<p>Nasze standy i ekspozytory metalowe na \u017cyczenie wyposa\u017camy w doki do \u0142adowania smartfon\u00f3w oraz w inne dowolnie wybrane rozwi\u0105zania technologiczne.<\/p>\n<h2>Standy metalowe Canvas \u2013 wybierz najlepsz\u0105 jako\u015b\u0107 i fachow\u0105 realizacj\u0119<\/h2>\n<p>Nasze wieloletnie do\u015bwiadczenie na rynku, nabyta wiedza i wszechstronne umiej\u0119tno\u015bci w tworzeniu materia\u0142\u00f3w reklamowych oraz kreowaniu visual merchandisingu, umo\u017cliwiaj\u0105 nam budowanie stand\u00f3w metalowych na potrzeby zar\u00f3wno ogromnych firm, jak i mniejszych przedsi\u0119biorstw. Zach\u0119camy do sprawdzenia naszych dotychczas wykonanych realizacji i poznania naszej pe\u0142nej palety mo\u017cliwo\u015bci.<\/p>\n<p>Wykonamy dla Ciebie stojaki metalowe od A do Z \u2013 od dok\u0142adnego poznania Twoich potrzeb oraz specyfiki Twoich konsument\u00f3w, przez produkcj\u0119, a\u017c po monta\u017c stojak\u00f3w lub ekspozytor\u00f3w metalowych w wybranym punkcie sprzeda\u017cy.<\/p>\n<p>Zapraszamy do kontaktu, maj\u0105 Pa\u0144stwo pytania lub chc\u0105 zleci\u0107 nam produkcj\u0119 standu metalowego. Nasi pracownicy rozwiej\u0105 wszelkie w\u0105tpliwo\u015bci oraz zaproponuj\u0105 najkorzystniejsze rozwi\u0105zania dla Pa\u0144stwa biznesu.<\/p>\n<p><\/p>","protected":false},"excerpt":{"rendered":"Sorry, this entry is only available in Polski. For the sake of viewer convenience, the content is shown below in the alternative language. You may click the link to switch the active language. Metal to elegancki, wytrzyma\u0142y i niezwykle popularny materia\u0142, z kt\u00f3rego wykonywane s\u0105 r\u00f3\u017cnego rodzaju stojaki metalowe oraz ekspozytory. Zach\u0119camy Pa\u0144stwa do zapoznania&#8230; <a class=\"view-article\" href=\"https:\/\/canvas.pl\/en\/materialy-pos-projekty\/stojak-metalowy\/\">View Article<\/a>","protected":false},"author":1,"featured_media":0,"parent":28,"menu_order":0,"comment_status":"closed","ping_status":"closed","template":"page-templates\/portfolio-tag-grid.php","meta":{"footnotes":""},"class_list":["post-1321","page","type-page","status-publish","hentry"],"_links":{"self":[{"href":"https:\/\/canvas.pl\/en\/wp-json\/wp\/v2\/pages\/1321","targetHints":{"allow":["GET"]}}],"collection":[{"href":"https:\/\/canvas.pl\/en\/wp-json\/wp\/v2\/pages"}],"about":[{"href":"https:\/\/canvas.pl\/en\/wp-json\/wp\/v2\/types\/page"}],"author":[{"embeddable":true,"href":"https:\/\/canvas.pl\/en\/wp-json\/wp\/v2\/users\/1"}],"replies":[{"embeddable":true,"href":"https:\/\/canvas.pl\/en\/wp-json\/wp\/v2\/comments?post=1321"}],"version-history":[{"count":5,"href":"https:\/\/canvas.pl\/en\/wp-json\/wp\/v2\/pages\/1321\/revisions"}],"predecessor-version":[{"id":1614,"href":"https:\/\/canvas.pl\/en\/wp-json\/wp\/v2\/pages\/1321\/revisions\/1614"}],"up":[{"embeddable":true,"href":"https:\/\/canvas.pl\/en\/wp-json\/wp\/v2\/pages\/28"}],"wp:attachment":[{"href":"https:\/\/canvas.pl\/en\/wp-json\/wp\/v2\/media?parent=1321"}],"curies":[{"name":"wp","href":"https:\/\/api.w.org\/{rel}","templated":true}]}}