{"id":1325,"date":"2018-05-29T13:19:28","date_gmt":"2018-05-29T11:19:28","guid":{"rendered":"http:\/\/canvas.maksymilian.org\/?page_id=1325"},"modified":"2020-05-11T15:08:38","modified_gmt":"2020-05-11T13:08:38","slug":"tektura-plaster-miodu","status":"publish","type":"page","link":"https:\/\/canvas.pl\/en\/materialy-pos-projekty\/tektura-plaster-miodu\/","title":{"rendered":"Board &#8220;honeycomb&#8221;"},"content":{"rendered":"<p class=\"qtranxs-available-languages-message qtranxs-available-languages-message-en\">Sorry, this entry is only available in <a href=\"https:\/\/canvas.pl\/pl\/wp-json\/wp\/v2\/pages\/1325\" class=\"qtranxs-available-language-link qtranxs-available-language-link-pl\" title=\"Polski\">Polski<\/a>. For the sake of viewer convenience, the content is shown below in the alternative language. You may click the link to switch the active language.<\/p><p><\/p>\n<p>Standy tekturowe to ekologiczne, atrakcyjne cenowo i funkcjonalne materia\u0142y wspieraj\u0105ce sprzeda\u017c. Dzi\u0119ki swoim licznym zaletom z powodzeniem znajduj\u0105 one zastosowanie jako stojaki i ekspozytory umieszczane wewn\u0105trz punkt\u00f3w sprzeda\u017cowych.<\/p>\n<p>Zach\u0119camy do zapoznania si\u0119 z nasz\u0105 ofert\u0105 stand\u00f3w opartych na materiale, jakim jest tektura plaster miodu. Nasze realizacje precyzyjnie dopasowywane s\u0105 do potrzeb naszych klient\u00f3w. Dzi\u0119ki do\u015bwiadczeniu i umiej\u0119tno\u015bciom specjalist\u00f3w <strong>Canvas<\/strong> oraz dost\u0119powi do nowoczesnego parku maszynowego realizujemy standy plaster miodu tektura o dowolnych kszta\u0142tach, formatach, wielko\u015bciach i designie. Gwarantujemy najwy\u017csz\u0105 jako\u015b\u0107 wykonania, okleiny oraz wydruku. Produkujemy standy i ekspozytory z zadrukowanymi lub zalaminowanymi elementami.<\/p>\n<h2>Tektura plaster miodu \u2013 ekologiczna reklama dbaj\u0105ca o Tw\u00f3j wizerunek<\/h2>\n<p>Tektura to niezwykle funkcjonalny materia\u0142, kt\u00f3ry pozwala na tworzenie estetycznych, funkcjonalnych, przykuwaj\u0105cych wzrok i jednocze\u015bnie anga\u017cuj\u0105cych materia\u0142\u00f3w reklamowych. Tektura plaster miodu pozwala jednocze\u015bnie na produkcj\u0119 bardzo lekkich stand\u00f3w i ekspozytor\u00f3w, kt\u00f3re u\u0142atwiaj\u0105 przenoszenie produkt\u00f3w reklamowych w obr\u0119bie punktu sprzeda\u017cy, a tak\u017ce wi\u0119ksz\u0105 swobod\u0119 w aran\u017cowaniu wn\u0119trza podczas realizowaniu kampanii promocyjnych.<\/p>\n<p>Niew\u0105tpliw\u0105 zalet\u0105 jest tak\u017ce o wiele ni\u017cszy koszt tektury wzgl\u0119dem innych materia\u0142\u00f3w s\u0142u\u017c\u0105cych do produkcji stand\u00f3w i ekspozytor\u00f3w, a co za tym idzie mo\u017cliwo\u015b\u0107 finalnego obni\u017cenia koszt\u00f3w realizowanej kampanii promocyjnej. Z tego te\u017c wzgl\u0119du rekomendowane s\u0105 one firmom poszukuj\u0105cym ekonomicznych rozwi\u0105za\u0144 promocyjnych, przedsi\u0119biorstwom regularnie realizuj\u0105cym du\u017ce kampanie promocyjne oraz podmiotom poszukuj\u0105cym element\u00f3w uzupe\u0142niaj\u0105cych dotychczas zam\u00f3wione produkty wspieraj\u0105ce sprzeda\u017c.<\/p>\n<h2>Plaster miodu \u2013 tektura, kt\u00f3ra na siebie zarabia<\/h2>\n<p>Do produkcji tekturowych stand\u00f3w i ekspozytor\u00f3w wykorzystujemy wy\u0142\u0105cznie najlepszej jako\u015bci tektur\u0119, kt\u00f3ra zapewnia odpowiedni\u0105 ochron\u0119 przed uszkodzeniami mechanicznymi, znaczn\u0105 sztywno\u015b\u0107 oraz no\u015bno\u015b\u0107. Ze wzgl\u0119du na bogat\u0105 funkcjonalno\u015b\u0107 przy jednoczesnym niskim koszcie produkcji tego typu materia\u0142\u00f3w promocyjnych, tektura plaster miodu to materia\u0142, kt\u00f3ry mo\u017ce zagwarantowa\u0107 mo\u017cliwie najlepszy wsp\u00f3\u0142czynnik zwrotu z inwestycji.<\/p>\n<p>Chc\u0105 Pa\u0144stwo dowiedzie\u0107 si\u0119 wi\u0119cej lub pozna\u0107 szczeg\u00f3\u0142y projektowania i produkcji tekturowych stand\u00f3w i ekspozytor\u00f3w? Zapraszamy do skontaktowania si\u0119 z naszymi pracownikami. Odpowiemy na wszystkie pytania oraz zaproponujemy najkorzystniejsze rozwi\u0105zania dla Pa\u0144stwa potrzeb.<\/p>\n<p><\/p>","protected":false},"excerpt":{"rendered":"Sorry, this entry is only available in Polski. For the sake of viewer convenience, the content is shown below in the alternative language. You may click the link to switch the active language. Standy tekturowe to ekologiczne, atrakcyjne cenowo i funkcjonalne materia\u0142y wspieraj\u0105ce sprzeda\u017c. Dzi\u0119ki swoim licznym zaletom z powodzeniem znajduj\u0105 one zastosowanie jako stojaki&#8230; <a class=\"view-article\" href=\"https:\/\/canvas.pl\/en\/materialy-pos-projekty\/tektura-plaster-miodu\/\">View Article<\/a>","protected":false},"author":1,"featured_media":0,"parent":28,"menu_order":0,"comment_status":"closed","ping_status":"closed","template":"page-templates\/portfolio-tag-grid.php","meta":{"footnotes":""},"class_list":["post-1325","page","type-page","status-publish","hentry"],"_links":{"self":[{"href":"https:\/\/canvas.pl\/en\/wp-json\/wp\/v2\/pages\/1325","targetHints":{"allow":["GET"]}}],"collection":[{"href":"https:\/\/canvas.pl\/en\/wp-json\/wp\/v2\/pages"}],"about":[{"href":"https:\/\/canvas.pl\/en\/wp-json\/wp\/v2\/types\/page"}],"author":[{"embeddable":true,"href":"https:\/\/canvas.pl\/en\/wp-json\/wp\/v2\/users\/1"}],"replies":[{"embeddable":true,"href":"https:\/\/canvas.pl\/en\/wp-json\/wp\/v2\/comments?post=1325"}],"version-history":[{"count":4,"href":"https:\/\/canvas.pl\/en\/wp-json\/wp\/v2\/pages\/1325\/revisions"}],"predecessor-version":[{"id":1615,"href":"https:\/\/canvas.pl\/en\/wp-json\/wp\/v2\/pages\/1325\/revisions\/1615"}],"up":[{"embeddable":true,"href":"https:\/\/canvas.pl\/en\/wp-json\/wp\/v2\/pages\/28"}],"wp:attachment":[{"href":"https:\/\/canvas.pl\/en\/wp-json\/wp\/v2\/media?parent=1325"}],"curies":[{"name":"wp","href":"https:\/\/api.w.org\/{rel}","templated":true}]}}