{"id":1328,"date":"2018-05-29T13:18:12","date_gmt":"2018-05-29T11:18:12","guid":{"rendered":"http:\/\/canvas.maksymilian.org\/?page_id=1328"},"modified":"2020-05-11T15:08:39","modified_gmt":"2020-05-11T13:08:39","slug":"termoformowanie","status":"publish","type":"page","link":"https:\/\/canvas.pl\/en\/materialy-pos-projekty\/termoformowanie\/","title":{"rendered":"Thermoforming"},"content":{"rendered":"<p class=\"qtranxs-available-languages-message qtranxs-available-languages-message-en\">Sorry, this entry is only available in <a href=\"https:\/\/canvas.pl\/pl\/wp-json\/wp\/v2\/pages\/1328\" class=\"qtranxs-available-language-link qtranxs-available-language-link-pl\" title=\"Polski\">Polski<\/a>. For the sake of viewer convenience, the content is shown below in the alternative language. You may click the link to switch the active language.<\/p><p><\/p>\n<p>Termoformowanie to proces technologiczny pozwalaj\u0105cy nam tworzy\u0107 materia\u0142y reklamowe z plexi podgrzanej do temperatury bliskiej mi\u0119knienia. Po wst\u0119pnej obr\u00f3bce cieplnej formujemy produkty reklamowe o dok\u0142adnie sprecyzowanych kszta\u0142tach. Formowanie termiczne plexi lub innych tworzyw sztucznych pozwala nam tworzy\u0107 atrakcyjne wizualnie oraz tanie w produkcji materia\u0142y promocyjne, kt\u00f3re wspieraj\u0105 sprzeda\u017c w punktach handlowych.<\/p>\n<h2>Termoformowanie z Canvas \u2013 postaw na do\u015bwiadczenie i nowoczesny park maszynowy<\/h2>\n<p>Dzi\u0119ki wiedzy i do\u015bwiadczeniu naszych specjalist\u00f3w oraz dost\u0119powi do nowoczesnego i bogato wyposa\u017conego parku maszynowego jeste\u015bmy w stanie realizowa\u0107 dla Pa\u0144stwa standy, ekspozytory i inne materia\u0142y reklamowe formowane termicznie z plexi. Nasze rozwi\u0105zania technologiczne, know-how oraz wieloletnie do\u015bwiadczenie pozwalaj\u0105 nam tworzy\u0107 nawet najbardziej z\u0142o\u017cone kszta\u0142ty, formy i bry\u0142y, kt\u00f3re precyzyjnie spe\u0142ni\u0105 Pa\u0144stwa oczekiwania oraz potrzeby.<\/p>\n<p>Termoformowanie plexi mo\u017ce by\u0107 dodatkowo uzupe\u0142nione o okleiny z folii, nadruk laserowy czy elementy multimedialne. Zach\u0119camy do zapoznania si\u0119 z naszymi dotychczas wykonanymi realizacjami zlecanymi zar\u00f3wno przez du\u017ce marki, jak i mniejsze firmy.<\/p>\n<p>Kompleksowo zajmujemy si\u0119 tworzeniem materia\u0142\u00f3w reklamowych. Nasz\u0105 wsp\u00f3\u0142prac\u0119 rozpoczynamy od dok\u0142adnej analizy Pa\u0144stwa potrzeb, okre\u015blenia celu i formy tworzonego materia\u0142u reklamowego, a tak\u017ce sprecyzowania grupy docelowej. Nast\u0119pnie przechodzimy do produkcji, a dalej do przesy\u0142ki lub monta\u017cu standu, ekspozytora lub innego produktu reklamowego we wskazanym przez Pa\u0144stwa miejscu.<\/p>\n<h2>Wybierz profesjonalne formowanie termiczne plexi i zyskaj profesjonalne materia\u0142y reklamowe<\/h2>\n<p>Zach\u0119camy Pa\u0144stwa do sprawdzenia naszego portfolio, a tak\u017ce do kontaktu z naszymi ekspertami. W przypadku pyta\u0144 dotycz\u0105cych termoformowania z plexi materia\u0142\u00f3w reklamowych specjali\u015bci Canvas rozwiej\u0105 Pa\u0144stwa wszelkie w\u0105tpliwo\u015bci oraz zaproponuj\u0105 najkorzystniejsze rozwi\u0105zania technologiczne i reklamowe dla Pa\u0144stwa dzia\u0142alno\u015bci.<\/p>\n<p><\/p>","protected":false},"excerpt":{"rendered":"Sorry, this entry is only available in Polski. For the sake of viewer convenience, the content is shown below in the alternative language. You may click the link to switch the active language. Termoformowanie to proces technologiczny pozwalaj\u0105cy nam tworzy\u0107 materia\u0142y reklamowe z plexi podgrzanej do temperatury bliskiej mi\u0119knienia. Po wst\u0119pnej obr\u00f3bce cieplnej formujemy produkty&#8230; <a class=\"view-article\" href=\"https:\/\/canvas.pl\/en\/materialy-pos-projekty\/termoformowanie\/\">View Article<\/a>","protected":false},"author":1,"featured_media":0,"parent":28,"menu_order":0,"comment_status":"closed","ping_status":"closed","template":"page-templates\/portfolio-tag-grid.php","meta":{"footnotes":""},"class_list":["post-1328","page","type-page","status-publish","hentry"],"_links":{"self":[{"href":"https:\/\/canvas.pl\/en\/wp-json\/wp\/v2\/pages\/1328","targetHints":{"allow":["GET"]}}],"collection":[{"href":"https:\/\/canvas.pl\/en\/wp-json\/wp\/v2\/pages"}],"about":[{"href":"https:\/\/canvas.pl\/en\/wp-json\/wp\/v2\/types\/page"}],"author":[{"embeddable":true,"href":"https:\/\/canvas.pl\/en\/wp-json\/wp\/v2\/users\/1"}],"replies":[{"embeddable":true,"href":"https:\/\/canvas.pl\/en\/wp-json\/wp\/v2\/comments?post=1328"}],"version-history":[{"count":3,"href":"https:\/\/canvas.pl\/en\/wp-json\/wp\/v2\/pages\/1328\/revisions"}],"predecessor-version":[{"id":1616,"href":"https:\/\/canvas.pl\/en\/wp-json\/wp\/v2\/pages\/1328\/revisions\/1616"}],"up":[{"embeddable":true,"href":"https:\/\/canvas.pl\/en\/wp-json\/wp\/v2\/pages\/28"}],"wp:attachment":[{"href":"https:\/\/canvas.pl\/en\/wp-json\/wp\/v2\/media?parent=1328"}],"curies":[{"name":"wp","href":"https:\/\/api.w.org\/{rel}","templated":true}]}}