{"id":1334,"date":"2018-05-29T13:07:03","date_gmt":"2018-05-29T11:07:03","guid":{"rendered":"http:\/\/canvas.maksymilian.org\/?page_id=1334"},"modified":"2020-05-11T15:10:46","modified_gmt":"2020-05-11T13:10:46","slug":"ledy","status":"publish","type":"page","link":"https:\/\/canvas.pl\/en\/reklamy-swietlne\/ledy\/","title":{"rendered":"Leds"},"content":{"rendered":"<p class=\"qtranxs-available-languages-message qtranxs-available-languages-message-en\">Sorry, this entry is only available in <a href=\"https:\/\/canvas.pl\/pl\/wp-json\/wp\/v2\/pages\/1334\" class=\"qtranxs-available-language-link qtranxs-available-language-link-pl\" title=\"Polski\">Polski<\/a>. For the sake of viewer convenience, the content is shown below in the alternative language. You may click the link to switch the active language.<\/p><p>Reklama ma jeden cel \u2013 dotrze\u0107 do jak najwi\u0119kszej liczby potencjalnych klient\u00f3w. Jedn\u0105 ze skuteczniejszych form tego typu s\u0105 reklamy LED, kt\u00f3re idealnie sprawdzaj\u0105 si\u0119 zar\u00f3wno w u\u017cytku wewn\u0119trznym, jak i zewn\u0119trznym. Podczas projektowania reklam LED specjali\u015bci <strong>Canvas<\/strong> nie ograniczaj\u0105 si\u0119 wy\u0142\u0105cznie do pod\u015bwietlanych liter, baner\u00f3w i kaseton\u00f3w. Tworzymy tak\u017ce bardziej skomplikowane pod\u015bwietlane formy reklamowe, kt\u00f3re skutecznie skupiaj\u0105 uwag\u0119 odbiorc\u00f3w i zach\u0119caj\u0105 do zakupu lub interakcji z mark\u0105.<\/p>\n<h2>Projekt i produkcja reklam ledowych w Canvas<\/h2>\n<p>Ze wzgl\u0119du na wszechobecny szum medialny i atakuj\u0105ce nas ze wszystkich stron komunikaty reklamowe, konsumenci nie przyk\u0142adaj\u0105 obecnie wi\u0119kszej uwagi do reklam. Jednym ze sposob\u00f3w, kt\u00f3ry pozwala prze\u0142ama\u0107 reklamowy impas i zadba\u0107 o skuteczne docieranie z komunikatem do potencjalnej grupy odbiorc\u00f3w, jest ich zaskoczenie i prze\u0142amie schematu, na kt\u00f3ry s\u0105 przygotowani.<\/p>\n<p>Dok\u0142adnie takie s\u0105 projektowane i produkowane przez ekspert\u00f3w <strong>Canvas<\/strong> reklamy LED. Tworzymy najwy\u017cszej jako\u015bci pod\u015bwietlane produkty reklamowe, kt\u00f3re wykonujemy poprzez sprawne \u0142\u0105czenie najr\u00f3\u017cniejszych materia\u0142\u00f3w \u2013 m.in. szk\u0142a, metalu, tworzyw sztucznych czy materia\u0142\u00f3w ekologicznych. Nasi do\u015bwiadczeni i utalentowani eksperci s\u0142u\u017c\u0105 wsparciem oraz kompleksow\u0105 pomoc\u0105 podczas projektowania, produkcji i monta\u017cu reklam LED.<\/p>\n<p>Zach\u0119camy do sprawdzenia dotychczas wykonanych projekt\u00f3w pod\u015bwietlanych reklam ledowych dla naszych klient\u00f3w. Gwarantujemy, \u017ce znajd\u0105 tu Pa\u0144stwo inspiracj\u0119 oraz przekonaj\u0105 si\u0119 o sile drzemi\u0105cej w kreatywnej i nietuzinkowej reklamie \u015bwietlnej.<\/p>\n<h2>Reklamy LED z Canvas \u2013 bo liczy si\u0119 efekt<\/h2>\n<p>Zapraszamy do kontaktu z naszymi ekspertami. Decyduj\u0105c si\u0119 na nasze us\u0142ugi, zyskuj\u0105 Pa\u0144stwo projekt, produkcj\u0119, monta\u017c i demonta\u017c reklam \u015bwietlnych zgodnie z w\u0142asnymi preferencjami. Do ka\u017cdej z naszych realizacji podchodzimy w spos\u00f3b indywidualny, przyk\u0142adaj\u0105c do nich pe\u0142ni\u0119 uwagi i tworz\u0105c rozwi\u0105zania szyte na miar\u0119 potrzeb naszych klient\u00f3w.<\/p>","protected":false},"excerpt":{"rendered":"Sorry, this entry is only available in Polski. For the sake of viewer convenience, the content is shown below in the alternative language. You may click the link to switch the active language.Reklama ma jeden cel \u2013 dotrze\u0107 do jak najwi\u0119kszej liczby potencjalnych klient\u00f3w. Jedn\u0105 ze skuteczniejszych form tego typu s\u0105 reklamy LED, kt\u00f3re idealnie&#8230; <a class=\"view-article\" href=\"https:\/\/canvas.pl\/en\/reklamy-swietlne\/ledy\/\">View Article<\/a>","protected":false},"author":1,"featured_media":0,"parent":108,"menu_order":0,"comment_status":"closed","ping_status":"closed","template":"page-templates\/portfolio-tag-grid.php","meta":{"footnotes":""},"class_list":["post-1334","page","type-page","status-publish","hentry"],"_links":{"self":[{"href":"https:\/\/canvas.pl\/en\/wp-json\/wp\/v2\/pages\/1334","targetHints":{"allow":["GET"]}}],"collection":[{"href":"https:\/\/canvas.pl\/en\/wp-json\/wp\/v2\/pages"}],"about":[{"href":"https:\/\/canvas.pl\/en\/wp-json\/wp\/v2\/types\/page"}],"author":[{"embeddable":true,"href":"https:\/\/canvas.pl\/en\/wp-json\/wp\/v2\/users\/1"}],"replies":[{"embeddable":true,"href":"https:\/\/canvas.pl\/en\/wp-json\/wp\/v2\/comments?post=1334"}],"version-history":[{"count":5,"href":"https:\/\/canvas.pl\/en\/wp-json\/wp\/v2\/pages\/1334\/revisions"}],"predecessor-version":[{"id":1629,"href":"https:\/\/canvas.pl\/en\/wp-json\/wp\/v2\/pages\/1334\/revisions\/1629"}],"up":[{"embeddable":true,"href":"https:\/\/canvas.pl\/en\/wp-json\/wp\/v2\/pages\/108"}],"wp:attachment":[{"href":"https:\/\/canvas.pl\/en\/wp-json\/wp\/v2\/media?parent=1334"}],"curies":[{"name":"wp","href":"https:\/\/api.w.org\/{rel}","templated":true}]}}