{"id":1336,"date":"2018-05-29T13:06:01","date_gmt":"2018-05-29T11:06:01","guid":{"rendered":"http:\/\/canvas.maksymilian.org\/?page_id=1336"},"modified":"2020-05-11T15:10:44","modified_gmt":"2020-05-11T13:10:44","slug":"neony","status":"publish","type":"page","link":"https:\/\/canvas.pl\/en\/reklamy-swietlne\/neony\/","title":{"rendered":"Neons"},"content":{"rendered":"<p class=\"qtranxs-available-languages-message qtranxs-available-languages-message-en\">Sorry, this entry is only available in <a href=\"https:\/\/canvas.pl\/pl\/wp-json\/wp\/v2\/pages\/1336\" class=\"qtranxs-available-language-link qtranxs-available-language-link-pl\" title=\"Polski\">Polski<\/a>. For the sake of viewer convenience, the content is shown below in the alternative language. You may click the link to switch the active language.<\/p><p>W obecnych czasach ci\u0119\u017cko trafi\u0107 z produktem oraz mark\u0105 do \u015bwiadomo\u015bci konsument\u00f3w. Aby by\u0142o to mo\u017cliwe, konieczne jest wybicie si\u0119 spo\u015br\u00f3d szumu medialnego obecnego w przestrzeni publicznej za pomoc\u0105 przykuwaj\u0105cej wzrok i uwag\u0119 reklamy wizualnej. Jedn\u0105 ze skuteczniejszych tego typu form s\u0105 reklamy neonowe, kt\u00f3re skupiaj\u0105 uwag\u0119 swoj\u0105 czytelno\u015bci\u0105 oraz atrakcyjnym i nietuzinkowym designem.<\/p>\n<h2>Neon reklamowy \u2013 estetyczna forma reklamy<\/h2>\n<p>Poszukuj\u0105c sposobu, kt\u00f3ry pozwoli marce trafi\u0107 z przekazem do docelowej grupy odbiorc\u00f3w, firmy zwykle decyduj\u0105 si\u0119 na pod\u015bwietlane formy reklamowe \u2013 takie jak neony. Dzi\u0119ki wykorzystaniu estetycznego o\u015bwietlenia neonowego mo\u017cliwe jest po\u0142\u0105czenie skutecznego przekazu z atrakcyjnym wizualnie wyko\u0144czeniem budynk\u00f3w, szyld\u00f3w, tablic, oznakowa\u0144 czy wn\u0119trz przestrzeni handlowych. Neon reklamowy mo\u017ce by\u0107 z powodzeniem montowany zar\u00f3wno na zewn\u0105trz, jak i wewn\u0105trz, a jego trwa\u0142a i odporna na warunki atmosferyczne konstrukcja zagwarantuje d\u0142ugi czas \u015bwiecenia oraz wieloletni\u0105 bezproblemow\u0105 eksploatacj\u0119.<\/p>\n<h2>Dlaczego warto postawi\u0107 na neon reklamowy?<\/h2>\n<p>Reklamy neonowe gwarantuj\u0105, \u017ce marka zostanie zauwa\u017cona. Nowoczesne neony reklamowe pozwalaj\u0105 na wykorzystanie stycznego \u015bwiat\u0142a, jak i r\u00f3\u017cnych efekt\u00f3w iluminacyjnych, kt\u00f3re w jeszcze skuteczniejszy spos\u00f3b docieraj\u0105 do docelowej grupy odbiorc\u00f3w, przykuwaj\u0105c ich wzrok oraz uwag\u0119. To doskona\u0142a szansa na to, by marketingowy przekaz marki dotar\u0142 do ich \u015bwiadomo\u015bci, zach\u0119caj\u0105c do przejrzenia oferty czy bezpo\u015brednio do zakupu produkt\u00f3w firmy.<\/p>\n<p>Neony sprawdzaj\u0105 si\u0119 o ka\u017cdej porze dnia, a pe\u0142ni\u0119 swoich walor\u00f3w pokazuj\u0105 w nocy lub przy ograniczonym o\u015bwietleniu wewn\u0105trz budynk\u00f3w. Dlatego te\u017c mog\u0105 sta\u0107 si\u0119 doskona\u0142ym narz\u0119dziem do promocji sprzeda\u017cy w miejscach, kt\u00f3re wykazuj\u0105 zwi\u0119kszony ruch w godzinach wieczornych.<\/p>\n<h2>Roz\u015bwietl swoj\u0105 mark\u0119 z Canvas<\/h2>\n<p>Chc\u0105 Pa\u0144stwo pozna\u0107 nasze mo\u017cliwo\u015bci w kreacji reklam neonowych? Zach\u0119camy do sprawdzenia naszych dotychczas wykonanych realizacji. Je\u017celi maj\u0105 Pa\u0144stwo pytania lub w\u0105tpliwo\u015bci dotycz\u0105ce reklamy neonowej, zach\u0119camy do kontaktu z naszymi pracownikami. Z przyjemno\u015bci\u0105 rozwiejemy wszelkie w\u0105tpliwe kwestie oraz zaproponujemy niezobowi\u0105zuj\u0105ce rozwi\u0105zania dostosowane do potrzeb Pa\u0144stwa biznesu.<\/p>","protected":false},"excerpt":{"rendered":"Sorry, this entry is only available in Polski. For the sake of viewer convenience, the content is shown below in the alternative language. You may click the link to switch the active language.W obecnych czasach ci\u0119\u017cko trafi\u0107 z produktem oraz mark\u0105 do \u015bwiadomo\u015bci konsument\u00f3w. Aby by\u0142o to mo\u017cliwe, konieczne jest wybicie si\u0119 spo\u015br\u00f3d szumu medialnego&#8230; <a class=\"view-article\" href=\"https:\/\/canvas.pl\/en\/reklamy-swietlne\/neony\/\">View Article<\/a>","protected":false},"author":1,"featured_media":0,"parent":108,"menu_order":0,"comment_status":"closed","ping_status":"closed","template":"page-templates\/portfolio-tag-grid.php","meta":{"footnotes":""},"class_list":["post-1336","page","type-page","status-publish","hentry"],"_links":{"self":[{"href":"https:\/\/canvas.pl\/en\/wp-json\/wp\/v2\/pages\/1336","targetHints":{"allow":["GET"]}}],"collection":[{"href":"https:\/\/canvas.pl\/en\/wp-json\/wp\/v2\/pages"}],"about":[{"href":"https:\/\/canvas.pl\/en\/wp-json\/wp\/v2\/types\/page"}],"author":[{"embeddable":true,"href":"https:\/\/canvas.pl\/en\/wp-json\/wp\/v2\/users\/1"}],"replies":[{"embeddable":true,"href":"https:\/\/canvas.pl\/en\/wp-json\/wp\/v2\/comments?post=1336"}],"version-history":[{"count":3,"href":"https:\/\/canvas.pl\/en\/wp-json\/wp\/v2\/pages\/1336\/revisions"}],"predecessor-version":[{"id":1628,"href":"https:\/\/canvas.pl\/en\/wp-json\/wp\/v2\/pages\/1336\/revisions\/1628"}],"up":[{"embeddable":true,"href":"https:\/\/canvas.pl\/en\/wp-json\/wp\/v2\/pages\/108"}],"wp:attachment":[{"href":"https:\/\/canvas.pl\/en\/wp-json\/wp\/v2\/media?parent=1336"}],"curies":[{"name":"wp","href":"https:\/\/api.w.org\/{rel}","templated":true}]}}