{"id":1338,"date":"2018-05-29T13:05:34","date_gmt":"2018-05-29T11:05:34","guid":{"rendered":"http:\/\/canvas.maksymilian.org\/?page_id=1338"},"modified":"2020-05-11T15:10:43","modified_gmt":"2020-05-11T13:10:43","slug":"przestrzenne","status":"publish","type":"page","link":"https:\/\/canvas.pl\/en\/reklamy-swietlne\/przestrzenne\/","title":{"rendered":"3-dimensional"},"content":{"rendered":"<p class=\"qtranxs-available-languages-message qtranxs-available-languages-message-en\">Sorry, this entry is only available in <a href=\"https:\/\/canvas.pl\/pl\/wp-json\/wp\/v2\/pages\/1338\" class=\"qtranxs-available-language-link qtranxs-available-language-link-pl\" title=\"Polski\">Polski<\/a>. For the sake of viewer convenience, the content is shown below in the alternative language. You may click the link to switch the active language.<\/p><p>Instalacje przestrzenne to doskona\u0142y spos\u00f3b na nietuzinkowe, unikatowe i w pe\u0142ni oryginalne ozdobienie przestrzeni handlowej, biura czy obiektu us\u0142ugowego. Zamawiaj\u0105c projekt oraz produkcj\u0119 instalacji przestrzennej u specjalist\u00f3w <strong>Canvas<\/strong> mog\u0105 Pa\u0144stwo uzyska\u0107 jedyny w swoim rodzaju element dekoracyjny, kt\u00f3ry zostanie precyzyjnie dopasowany do identyfikacji wizualnej Pa\u0144stwa marki lub produktu, a tak\u017ce designu wn\u0119trza.<\/p>\n<h2>Instalacja przestrzenna \u2013 idealna, by wyr\u00f3\u017cni\u0107 si\u0119 z t\u0142umu<\/h2>\n<p>Wed\u0142ug bada\u0144 przeci\u0119tny klient nie po\u015bwi\u0119ca uwagi reklamie d\u0142u\u017cej ni\u017c przez 2-3 sekundy. To niezwykle ma\u0142o czasu, by dok\u0142adnie zapozna\u0107 si\u0119 z tre\u015bci\u0105 i form\u0105 materia\u0142u reklamowego. Dlatego te\u017c warto postawi\u0107 na unikaln\u0105 form\u0119, kt\u00f3ra wybije si\u0119 spo\u015br\u00f3d informacyjnego szumu, zaciekawi, zaintryguje, a przede wszystkim zatrzyma skupienie klienta na d\u0142u\u017cej.<\/p>\n<p>Nale\u017cy pami\u0119ta\u0107, \u017ce odbiorcy nie analizuj\u0105 reklam, a jedynie je skanuj\u0105. Przeci\u0119tny odbiorca reklamy przyswaja jedynie 5% informacji, kt\u00f3re umieszczone s\u0105 na reklamie, a w przypadku reklam displayowych, stand\u00f3w, billboard\u00f3w czy plakat\u00f3w, uwaga odbiorcy koncentruje si\u0119 jedynie na 10% powierzchni materia\u0142u reklamowego.<\/p>\n<p>Doskona\u0142ym sposobem, aby prze\u0142ama\u0107 te nienapawaj\u0105ce optymizmem statystyki, jest zainwestowanie w form\u0119 reklamow\u0105, kt\u00f3ra jest dla odbiorc\u00f3w zupe\u0142nie nowym i ciekawym do\u015bwiadczeniem. Tak\u0105 form\u0105 s\u0105 kreatywne instalacje przestrzenne.<\/p>\n<h2>Kto powiedzia\u0142, \u017ce reklama nie mo\u017ce by\u0107 sztuk\u0105?<\/h2>\n<p>Tworzona przez najlepszych specjalist\u00f3w w bran\u017cy reklamowo-marketingowej instalacja przestrzenna, mo\u017ce okaza\u0107 si\u0119 idealnym sposobem na trafienie ze swoim brandem czy ofert\u0105 do g\u0142owy odbiorc\u00f3w.<\/p>\n<p>W <strong>Canvas<\/strong> tworzymy instalacje przestrzenne, wykorzystuj\u0105c intryguj\u0105ce po\u0142\u0105czenia materia\u0142\u00f3w, barw, nadruk\u00f3w i bry\u0142. Mimo stosowania najr\u00f3\u017cniejszych materia\u0142\u00f3w \u2013 od stali, przez plexi po dibond \u2013 nasze instalacje staj\u0105 si\u0119 harmonijn\u0105 ca\u0142o\u015bci\u0105, kt\u00f3ra idealnie uzupe\u0142nia wn\u0119trze ka\u017cdej witryny sklepowej i przestrze\u0144 handlow\u0105, a tak\u017ce pomieszczenie biurowe i powierzchni\u0119 u\u017cyteczno\u015bci publicznej.<\/p>\n<h2>Got\u00f3w na reklam\u0119, kt\u00f3ra zwala z n\u00f3g?<\/h2>\n<p>Zach\u0119camy do zapoznania si\u0119 z naszymi dotychczas zrealizowanymi instalacjami przestrzennymi, a tak\u017ce do sprawdzenia naszej oferty. Zach\u0119camy Pa\u0144stwa do kontaktu z naszymi specjalistami. Z przyjemno\u015bci\u0105 stworzymy dla Pa\u0144stwa reklamowe dzie\u0142o sztuki.<\/p>","protected":false},"excerpt":{"rendered":"Sorry, this entry is only available in Polski. For the sake of viewer convenience, the content is shown below in the alternative language. You may click the link to switch the active language.Instalacje przestrzenne to doskona\u0142y spos\u00f3b na nietuzinkowe, unikatowe i w pe\u0142ni oryginalne ozdobienie przestrzeni handlowej, biura czy obiektu us\u0142ugowego. Zamawiaj\u0105c projekt oraz produkcj\u0119&#8230; <a class=\"view-article\" href=\"https:\/\/canvas.pl\/en\/reklamy-swietlne\/przestrzenne\/\">View Article<\/a>","protected":false},"author":1,"featured_media":0,"parent":108,"menu_order":0,"comment_status":"closed","ping_status":"closed","template":"page-templates\/portfolio-tag-grid.php","meta":{"footnotes":""},"class_list":["post-1338","page","type-page","status-publish","hentry"],"_links":{"self":[{"href":"https:\/\/canvas.pl\/en\/wp-json\/wp\/v2\/pages\/1338","targetHints":{"allow":["GET"]}}],"collection":[{"href":"https:\/\/canvas.pl\/en\/wp-json\/wp\/v2\/pages"}],"about":[{"href":"https:\/\/canvas.pl\/en\/wp-json\/wp\/v2\/types\/page"}],"author":[{"embeddable":true,"href":"https:\/\/canvas.pl\/en\/wp-json\/wp\/v2\/users\/1"}],"replies":[{"embeddable":true,"href":"https:\/\/canvas.pl\/en\/wp-json\/wp\/v2\/comments?post=1338"}],"version-history":[{"count":3,"href":"https:\/\/canvas.pl\/en\/wp-json\/wp\/v2\/pages\/1338\/revisions"}],"predecessor-version":[{"id":1627,"href":"https:\/\/canvas.pl\/en\/wp-json\/wp\/v2\/pages\/1338\/revisions\/1627"}],"up":[{"embeddable":true,"href":"https:\/\/canvas.pl\/en\/wp-json\/wp\/v2\/pages\/108"}],"wp:attachment":[{"href":"https:\/\/canvas.pl\/en\/wp-json\/wp\/v2\/media?parent=1338"}],"curies":[{"name":"wp","href":"https:\/\/api.w.org\/{rel}","templated":true}]}}