{"id":1340,"date":"2018-05-29T13:12:40","date_gmt":"2018-05-29T11:12:40","guid":{"rendered":"http:\/\/canvas.maksymilian.org\/?page_id=1340"},"modified":"2020-05-11T15:10:29","modified_gmt":"2020-05-11T13:10:29","slug":"siedziba-firmy","status":"publish","type":"page","link":"https:\/\/canvas.pl\/en\/witryny-sklepowe-i-aranzacje\/siedziba-firmy\/","title":{"rendered":"Company headquarters"},"content":{"rendered":"<p class=\"qtranxs-available-languages-message qtranxs-available-languages-message-en\">Sorry, this entry is only available in <a href=\"https:\/\/canvas.pl\/pl\/wp-json\/wp\/v2\/pages\/1340\" class=\"qtranxs-available-language-link qtranxs-available-language-link-pl\" title=\"Polski\">Polski<\/a>. For the sake of viewer convenience, the content is shown below in the alternative language. You may click the link to switch the active language.<\/p><p>Prowadzisz biuro, kt\u00f3re mie\u015bci si\u0119 przy ruchliwej ulicy lub w centrum handlowym? Chcesz, aby Twoi potencjalni klienci zacz\u0119li zauwa\u017ca\u0107 Twoj\u0105 firm\u0119, a tym samym ch\u0119tniej j\u0105 odwiedzali? Zainwestuj w profesjonalny wizerunek, postaw na kompleksowy projekt i wykonawstwo witryny ekspozycyjnej do siedziby firmy.<\/p>\n<h2>Witryny do siedziby firmy dzia\u0142aj\u0105 na takiej samej zasadzie jak wystawy sklepowe<\/h2>\n<p>Podobnie jak witryny sklepowe, tak i przeszklenia oraz witryny siedziby firmy mog\u0105 okaza\u0107 si\u0119 niezwykle skutecznym narz\u0119dziem, kt\u00f3re pozwoli efektywniej skupi\u0107 uwag\u0119 potencjalnych odbiorc\u00f3w Twoich produkt\u00f3w lub us\u0142ug, a tak\u017ce sk\u0142oni\u0107 ich do odwiedzenia Twojej plac\u00f3wki. Dlatego te\u017c warto zainwestowa\u0107 w profesjonalny wizerunek firmy widoczny ju\u017c z ulicy lub chodnika galerii handlowej.<\/p>\n<p>Pozw\u00f3l swojej marce utkwi\u0107 w \u015bwiadomo\u015bci potencjalnych konsument\u00f3w i kontrahent\u00f3w, spraw, aby spos\u00f3b, w jaki komunikujesz si\u0119 z nimi za pomoc\u0105 wystawy, uwiarygodni\u0142 Twoj\u0105 firm\u0119 w ich oczach.<\/p>\n<h2>Wystawy ekspozycyjne zgodne z DNA marki<\/h2>\n<p>Poszukujesz firmy, kt\u00f3ra zrealizuje dla Ciebie kompleksowy projekt i wykonawstwo zgodne z DNA Twojego przedsi\u0119biorstwa? Rozwi\u0105zaniem jest inwestycja w ekspert\u00f3w od Visual Merchandisingu \u2013 firm\u0119 <strong>Canvas<\/strong>. Dzi\u0119ki nam wypromujesz si\u0119, nie rezygnuj\u0105c ze sp\u00f3jnego, atrakcyjnego i profesjonalnego wizerunku.<\/p>\n<p>Zach\u0119camy do skorzystania z naszej oferty, w kt\u00f3rej sk\u0142ad wchodzi kompleksowa analiza potrzeb firmy i marki oraz sprecyzowanie cech docelowej grupy odbiorc\u00f3w, a tak\u017ce wytworzenie projektu witryny wystawowej opartego na Twoich potrzebach i oczekiwaniach.<\/p>\n<p>Zapraszamy do poznania naszych dotychczas zrealizowanych projekt\u00f3w witryn sklepowych i witryn do siedziby firm. Podczas realizacji wykorzystujemy wy\u0142\u0105cznie najnowocze\u015bniejsze techniki aran\u017cacji witryn oraz operujemy jedynie na najlepszej jako\u015bci materia\u0142ach.<\/p>\n<p>Tworzymy tak\u017ce rozbudowane kampanie reklamowe, w kt\u00f3rych projekt i wykonawstwo wystawy sklepowej, witryny firmy czy aran\u017cacji biura stanowi\u0105 jeden z element\u00f3w ca\u0142ej, kompleksowej strategii Visual Merchandisingowej.<\/p>\n<p>Masz pytania lub w\u0105tpliwo\u015bci? Chcesz dowiedzie\u0107 si\u0119 wi\u0119cej, jak b\u0119dzie przebiega\u0107 nasza wsp\u00f3\u0142praca? Zadaj nam niezobowi\u0105zuj\u0105ce pytanie. Skontaktuj si\u0119 z ekspertami <strong>Canvas<\/strong>, a my zajmiemy si\u0119 reszt\u0105. Zaufaj profesjonalizmowi i do\u015bwiadczeniu \u2013 postaw na lider\u00f3w bran\u017cy.<\/p>","protected":false},"excerpt":{"rendered":"Sorry, this entry is only available in Polski. For the sake of viewer convenience, the content is shown below in the alternative language. You may click the link to switch the active language.Prowadzisz biuro, kt\u00f3re mie\u015bci si\u0119 przy ruchliwej ulicy lub w centrum handlowym? Chcesz, aby Twoi potencjalni klienci zacz\u0119li zauwa\u017ca\u0107 Twoj\u0105 firm\u0119, a tym&#8230; <a class=\"view-article\" href=\"https:\/\/canvas.pl\/en\/witryny-sklepowe-i-aranzacje\/siedziba-firmy\/\">View Article<\/a>","protected":false},"author":1,"featured_media":0,"parent":25,"menu_order":0,"comment_status":"closed","ping_status":"closed","template":"page-templates\/portfolio-tag-grid.php","meta":{"footnotes":""},"class_list":["post-1340","page","type-page","status-publish","hentry"],"_links":{"self":[{"href":"https:\/\/canvas.pl\/en\/wp-json\/wp\/v2\/pages\/1340","targetHints":{"allow":["GET"]}}],"collection":[{"href":"https:\/\/canvas.pl\/en\/wp-json\/wp\/v2\/pages"}],"about":[{"href":"https:\/\/canvas.pl\/en\/wp-json\/wp\/v2\/types\/page"}],"author":[{"embeddable":true,"href":"https:\/\/canvas.pl\/en\/wp-json\/wp\/v2\/users\/1"}],"replies":[{"embeddable":true,"href":"https:\/\/canvas.pl\/en\/wp-json\/wp\/v2\/comments?post=1340"}],"version-history":[{"count":5,"href":"https:\/\/canvas.pl\/en\/wp-json\/wp\/v2\/pages\/1340\/revisions"}],"predecessor-version":[{"id":1622,"href":"https:\/\/canvas.pl\/en\/wp-json\/wp\/v2\/pages\/1340\/revisions\/1622"}],"up":[{"embeddable":true,"href":"https:\/\/canvas.pl\/en\/wp-json\/wp\/v2\/pages\/25"}],"wp:attachment":[{"href":"https:\/\/canvas.pl\/en\/wp-json\/wp\/v2\/media?parent=1340"}],"curies":[{"name":"wp","href":"https:\/\/api.w.org\/{rel}","templated":true}]}}