{"id":1342,"date":"2018-05-29T13:09:51","date_gmt":"2018-05-29T11:09:51","guid":{"rendered":"http:\/\/canvas.maksymilian.org\/?page_id=1342"},"modified":"2020-05-11T15:10:31","modified_gmt":"2020-05-11T13:10:31","slug":"witryna-ruchoma","status":"publish","type":"page","link":"https:\/\/canvas.pl\/en\/witryny-sklepowe-i-aranzacje\/witryna-ruchoma\/","title":{"rendered":"Movable display"},"content":{"rendered":"<p class=\"qtranxs-available-languages-message qtranxs-available-languages-message-en\">Sorry, this entry is only available in <a href=\"https:\/\/canvas.pl\/pl\/wp-json\/wp\/v2\/pages\/1342\" class=\"qtranxs-available-language-link qtranxs-available-language-link-pl\" title=\"Polski\">Polski<\/a>. For the sake of viewer convenience, the content is shown below in the alternative language. You may click the link to switch the active language.<\/p><p>Wed\u0142ug bada\u0144 a\u017c 80% klient\u00f3w decyduje si\u0119 na odwiedzenie sklepu pod wp\u0142ywem jego atrakcyjnej witryny wystawowej, a a\u017c 75% z nich przyznaje, \u017ce podejmuje zakupowe decyzje pod wp\u0142ywem zach\u0119ty ze strony witryny. Warto wykorzysta\u0107 ten ogromny potencja\u0142, by zapewni\u0107 punktowi handlowemu jeszcze skuteczniejsze dotarcie do docelowych odbiorc\u00f3w.<\/p>\n<h2>Witryny sklepowe wci\u0105\u017c mog\u0105 zaskakiwa\u0107<\/h2>\n<p>W dobie szumu medialnego, ogromnej konkurencyjno\u015bci i przekaz\u00f3w reklamowych, kt\u00f3re docieraj\u0105 do konsument\u00f3w z niemal ka\u017cdego kierunku, warto postawi\u0107 na innowacyjn\u0105 i niecodzienn\u0105 form\u0119 skupiania uwagi konsument\u00f3w oraz anga\u017cowania ich w atrakcyjne wizualnie elementy wystawowe.<\/p>\n<p>Coraz popularniejsz\u0105 form\u0105, jak\u0105 przyjmuj\u0105 obecnie nowoczesne wystawy sklepowe, jest wprawianie w ruch poszczeg\u00f3lnych ich element\u00f3w. Witryny wystawowe b\u0119d\u0105ce w ruchu o wiele skuteczniej skupiaj\u0105 wzrok przechodni\u00f3w, a ich skuteczno\u015b\u0107 wzrasta wraz z odpowiednio zaprojektowanymi scenami \u015bwietlnymi, odpowiedni\u0105 kolorystyk\u0105 czy dopasowanymi produktami prezentowanymi na ekspozycji.<\/p>\n<h2>Jak zaprojektowa\u0107 ruchome witryny sklepowe?<\/h2>\n<p>Tworzenie skutecznej wystawy sklepowej to nie lada wyzwanie. W ca\u0142ym procesie planowania konieczne jest przyj\u0119cie odpowiedniej strategii wizerunkowej i komunikacyjnej, prawid\u0142owy dob\u00f3r materia\u0142\u00f3w, dopasowanie scenerii, o\u015bwietlenia, kolor\u00f3w czy asortymentu prezentowanego na wystawie. A wszystkie te aspekty musz\u0105 by\u0107 precyzyjnie dostosowane do charakterystyki, potrzeb i wymaga\u0144 docelowej grupy klient\u00f3w.<\/p>\n<p>Mimo ogromnej ilo\u015bci bod\u017ac\u00f3w, kt\u00f3re zapewniaj\u0105, witryny wystawowe musz\u0105 zachowa\u0107 odpowiedni\u0105 estetyk\u0119 i r\u00f3wnowag\u0119 kompozycyjn\u0105. Dlatego te\u017c konieczne jest zachowanie estetycznej dla odbiorcy prezentacji produkt\u00f3w.<\/p>\n<h2>Ruchome witryny wystawowe z Canvas \u2013 postaw na specjalist\u00f3w od Visual Merchandisingu<\/h2>\n<p>Poszukuj\u0105 Pa\u0144stwo sprawdzonej firmy, kt\u00f3ra od A do Z zajmie si\u0119 analiz\u0105 grupy docelowej, projektem witryny, jej produkcj\u0105 oraz monta\u017cem? Zapraszamy do skorzystania z naszych us\u0142ug. Eksperci <strong>Canvas<\/strong> s\u0142u\u017c\u0105 kompleksowym wsparciem i pomoc\u0105 na ka\u017cdym etapie wsp\u00f3\u0142pracy.<\/p>\n<p>Nasze wieloletnie do\u015bwiadczenie przy wsp\u00f3\u0142pracy z najwi\u0119kszymi krajowymi i zagranicznymi markami pozwala nam sprosta\u0107 nawet najbardziej wy\u015brubowanym wymaganiom naszych klient\u00f3w. Zach\u0119camy do sprawdzenia naszych dotychczas zrealizowanych ruchomych witryn wystawowych, a tak\u017ce do skontaktowania si\u0119 z naszymi specjalistami.<\/p>","protected":false},"excerpt":{"rendered":"Sorry, this entry is only available in Polski. For the sake of viewer convenience, the content is shown below in the alternative language. You may click the link to switch the active language.Wed\u0142ug bada\u0144 a\u017c 80% klient\u00f3w decyduje si\u0119 na odwiedzenie sklepu pod wp\u0142ywem jego atrakcyjnej witryny wystawowej, a a\u017c 75% z nich przyznaje, \u017ce&#8230; <a class=\"view-article\" href=\"https:\/\/canvas.pl\/en\/witryny-sklepowe-i-aranzacje\/witryna-ruchoma\/\">View Article<\/a>","protected":false},"author":1,"featured_media":0,"parent":25,"menu_order":0,"comment_status":"closed","ping_status":"closed","template":"page-templates\/portfolio-tag-grid.php","meta":{"footnotes":""},"class_list":["post-1342","page","type-page","status-publish","hentry"],"_links":{"self":[{"href":"https:\/\/canvas.pl\/en\/wp-json\/wp\/v2\/pages\/1342","targetHints":{"allow":["GET"]}}],"collection":[{"href":"https:\/\/canvas.pl\/en\/wp-json\/wp\/v2\/pages"}],"about":[{"href":"https:\/\/canvas.pl\/en\/wp-json\/wp\/v2\/types\/page"}],"author":[{"embeddable":true,"href":"https:\/\/canvas.pl\/en\/wp-json\/wp\/v2\/users\/1"}],"replies":[{"embeddable":true,"href":"https:\/\/canvas.pl\/en\/wp-json\/wp\/v2\/comments?post=1342"}],"version-history":[{"count":5,"href":"https:\/\/canvas.pl\/en\/wp-json\/wp\/v2\/pages\/1342\/revisions"}],"predecessor-version":[{"id":1623,"href":"https:\/\/canvas.pl\/en\/wp-json\/wp\/v2\/pages\/1342\/revisions\/1623"}],"up":[{"embeddable":true,"href":"https:\/\/canvas.pl\/en\/wp-json\/wp\/v2\/pages\/25"}],"wp:attachment":[{"href":"https:\/\/canvas.pl\/en\/wp-json\/wp\/v2\/media?parent=1342"}],"curies":[{"name":"wp","href":"https:\/\/api.w.org\/{rel}","templated":true}]}}