{"id":1344,"date":"2018-05-29T13:08:54","date_gmt":"2018-05-29T11:08:54","guid":{"rendered":"http:\/\/canvas.maksymilian.org\/?page_id=1344"},"modified":"2020-05-11T15:10:30","modified_gmt":"2020-05-11T13:10:30","slug":"witryny-sklepowe","status":"publish","type":"page","link":"https:\/\/canvas.pl\/en\/witryny-sklepowe-i-aranzacje\/witryny-sklepowe\/","title":{"rendered":"Store displays"},"content":{"rendered":"<p class=\"qtranxs-available-languages-message qtranxs-available-languages-message-en\">Sorry, this entry is only available in <a href=\"https:\/\/canvas.pl\/pl\/wp-json\/wp\/v2\/pages\/1344\" class=\"qtranxs-available-language-link qtranxs-available-language-link-pl\" title=\"Polski\">Polski<\/a>. For the sake of viewer convenience, the content is shown below in the alternative language. You may click the link to switch the active language.<\/p><p><\/p>\n<p>Witryny sklepowe to wizyt\u00f3wka ka\u017cdego punktu sprzeda\u017cowego. U\u0142atwiaj\u0105 prezentacj\u0119 oferowanych produkt\u00f3w, przyci\u0105gaj\u0105 uwag\u0119 i zach\u0119caj\u0105 potencjalnych klient\u00f3w do odwiedzenia sklepu. Ka\u017cda witryna sklepowa tworzona przez ekspert\u00f3w <strong>Canvas<\/strong> \u0142\u0105czy najwy\u017cszej jako\u015bci materia\u0142y, nowoczesny design i funkcjonalizm. Dlatego te\u017c nasze projekty pozwalaj\u0105 efektywnie dociera\u0107 do potencjalnych klient\u00f3w i dba\u0107 o profesjonalny wizerunek marki oraz punktu sprzeda\u017cy.<\/p>\n<h2>Wystawa sklepowa zgodna z Visual Merchandisingiem<\/h2>\n<\/p>\n<p>A\u017c 23% klient\u00f3w detalicznych podejmuje zakupowe decyzje przez wzgl\u0105d na wystawy sklepowe, a a\u017c 80% z nich deklaruje, \u017ce wchodzi do sklepu z powodu atrakcyjnej i przyci\u0105gaj\u0105cej uwag\u0119 witryny. Dlatego te\u017c witryna ekspozycyjna stanowi jedn\u0105 z najwa\u017cniejszych funkcji w prezentowaniu nie tylko oferty, ale wizerunku ca\u0142ego punktu sprzeda\u017cy.<br \/>\nPrawid\u0142owo wykonane witryny sklepowe spe\u0142niaj\u0105 cztery podstawowe funkcje. Pierwsz\u0105 z nich jest informowanie. To dzi\u0119ki niej wystawa sklepowa informuje o dost\u0119pnym w sklepie asortymencie, panuj\u0105cych trendach, sezonie czy wyprzeda\u017cach lub nowej kolekcji. Poza tym witryna wystawowa zach\u0119ca do odwiedzenia sklepu, przekonuje o atrakcyjno\u015bci znajduj\u0105cego si\u0119 w nim asortymentu, a tak\u017ce przypomina o zbli\u017caj\u0105cych si\u0119 sezonach czy \u015bwi\u0119tach.<br \/>\nDlatego te\u017c odpowiednio zaprojektowana witryna sklepowa jest doskona\u0142ym narz\u0119dziem do nieustannego przyci\u0105gania, zaskakiwania, informowania i zach\u0119cania potencjalnych klient\u00f3w do odwiedzenia punktu sprzeda\u017cy.<\/p>\n<h2>Wystawy sklepowe \u2013 rodzaje<\/h2>\n<p>Wyr\u00f3\u017cnia si\u0119 cztery rodzaje witryn sklepowych. S\u0105 to wystawy: otwarte, p\u00f3\u0142otwarte, zamkni\u0119te i sponsorowane. Witryny otwarte przyci\u0105gaj\u0105 swoj\u0105 przejrzysto\u015bci\u0105 i mo\u017cliwo\u015bci\u0105 zapoznania si\u0119 z ca\u0142ym asortymentem sklepu zza witryny, u\u0142atwiaj\u0105c klientowi podj\u0119cie decyzji.<br \/>\nWystawy p\u00f3\u0142otwarte s\u0105 cz\u0119\u015bciowo oddzielone od reszty sklepu t\u0142em, zas\u0142on\u0105, \u015bciank\u0105 lub inn\u0105 barier\u0105, kt\u00f3re pozwalaj\u0105 stworzy\u0107 z witryny bardziej prywatn\u0105 i \u0142atwiej modyfikowaln\u0105 przestrze\u0144 ekspozycyjn\u0105.<\/p>\n<p>Witryny zamkni\u0119te to ca\u0142kowicie oddzielone wystawy ekspozycyjne, kt\u00f3re wymagaj\u0105 zastosowania oddzielnego o\u015bwietlenia oraz kompleksowej aran\u017cacji. Niemniej odpowiednio zaprojektowane mog\u0105 okaza\u0107 si\u0119 doskona\u0142ym narz\u0119dziem do przyci\u0105gania uwagi potencjalnych klient\u00f3w.<br \/>\nNieco innym rodzajem witryn s\u0105 wystawy sponsorowane. Taka witryna wystawowa sk\u0142ada si\u0119 z przeszklenia zaklejonego foli\u0105 typu One Way Vision. Wyklejanie witryn w Warszawie oraz innych du\u017cych miastach w Polsce to niezwykle popularna metoda na tanie, szybkie i skuteczne zaaran\u017cowanie witryny.<\/p>\n<h2>Projektowanie witryn sklepowych z Canvas<\/h2>\n<p>Zach\u0119camy do zapoznania si\u0119 z nasz\u0105 kompleksow\u0105 ofert\u0105 projektowania, produkcji i monta\u017cu witryn sklepowych. Wykorzystujemy jedynie najlepszej jako\u015bci materia\u0142y, a nasi do\u015bwiadczeni eksperci od Visual Merchandisingu s\u0105 w stanie zaoferowa\u0107 Pa\u0144stwu funkcjonalne projekty zgodne z najnowszymi trendami i potrzebami nowoczesnych punkt\u00f3w sprzeda\u017cowych.<\/p>\n<p><\/p>","protected":false},"excerpt":{"rendered":"Sorry, this entry is only available in Polski. For the sake of viewer convenience, the content is shown below in the alternative language. You may click the link to switch the active language. Witryny sklepowe to wizyt\u00f3wka ka\u017cdego punktu sprzeda\u017cowego. U\u0142atwiaj\u0105 prezentacj\u0119 oferowanych produkt\u00f3w, przyci\u0105gaj\u0105 uwag\u0119 i zach\u0119caj\u0105 potencjalnych klient\u00f3w do odwiedzenia sklepu. Ka\u017cda witryna&#8230; <a class=\"view-article\" href=\"https:\/\/canvas.pl\/en\/witryny-sklepowe-i-aranzacje\/witryny-sklepowe\/\">View Article<\/a>","protected":false},"author":1,"featured_media":0,"parent":25,"menu_order":0,"comment_status":"closed","ping_status":"closed","template":"page-templates\/portfolio-tag-grid.php","meta":{"footnotes":""},"class_list":["post-1344","page","type-page","status-publish","hentry"],"_links":{"self":[{"href":"https:\/\/canvas.pl\/en\/wp-json\/wp\/v2\/pages\/1344","targetHints":{"allow":["GET"]}}],"collection":[{"href":"https:\/\/canvas.pl\/en\/wp-json\/wp\/v2\/pages"}],"about":[{"href":"https:\/\/canvas.pl\/en\/wp-json\/wp\/v2\/types\/page"}],"author":[{"embeddable":true,"href":"https:\/\/canvas.pl\/en\/wp-json\/wp\/v2\/users\/1"}],"replies":[{"embeddable":true,"href":"https:\/\/canvas.pl\/en\/wp-json\/wp\/v2\/comments?post=1344"}],"version-history":[{"count":27,"href":"https:\/\/canvas.pl\/en\/wp-json\/wp\/v2\/pages\/1344\/revisions"}],"predecessor-version":[{"id":1621,"href":"https:\/\/canvas.pl\/en\/wp-json\/wp\/v2\/pages\/1344\/revisions\/1621"}],"up":[{"embeddable":true,"href":"https:\/\/canvas.pl\/en\/wp-json\/wp\/v2\/pages\/25"}],"wp:attachment":[{"href":"https:\/\/canvas.pl\/en\/wp-json\/wp\/v2\/media?parent=1344"}],"curies":[{"name":"wp","href":"https:\/\/api.w.org\/{rel}","templated":true}]}}