{"id":1660,"date":"2021-03-02T15:06:41","date_gmt":"2021-03-02T14:06:41","guid":{"rendered":"https:\/\/canvas.pl\/?page_id=1660"},"modified":"2022-05-10T11:59:44","modified_gmt":"2022-05-10T09:59:44","slug":"klauzula-informacyjna","status":"publish","type":"page","link":"https:\/\/canvas.pl\/en\/klauzula-informacyjna\/","title":{"rendered":"(Polski) Klauzula informacyjna"},"content":{"rendered":"<ol>\n<li>Zgodnie z art. 13 ust. 1 i ust. 2 Rozporz\u0105dzenia Parlamentu Europejskiego i Rady (UE) 2016\/679 w sprawie ochrony os\u00f3b fizycznych w zwi\u0105zku z przetwarzaniem danych osobowych i w sprawie swobodnego przep\u0142ywu takich danych oraz uchylenia dyrektywy 95\/46\/WE (dalej: \u201eRozporz\u0105dzenie\u201d) informujemy, \u017ce:<\/li>\n<li>\u2022\u00a0\u00a0\u00a0 Administratorem Pa\u0144stwa danych osobowych jest Canvas Sp\u00f3\u0142ka z ograniczon\u0105 odpowiedzialno\u015bci\u0105 sp.k. z siedzib\u0105 w Warszawie, ul. Sarabandy 63, 02-868 Warszawa, KRS nr 0000448794, NIP 9512363986, REGON 146510831 \u2013 dalej jako Sp\u00f3\u0142ka.<\/li>\n<li><\/li>\n<li>\u2022\u00a0\u00a0\u00a0 Inspektorem Ochrony Danych Osobowych (IOD) w Sp\u00f3\u0142ce jest Pawe\u0142 Ostolski.<\/li>\n<li><\/li>\n<li>\u2022\u00a0\u00a0\u00a0 W sprawie swoich danych osobowych mog\u0105 Pa\u0144stwo kontaktowa\u0107 si\u0119 z bezpo\u015brednio ze Sp\u00f3\u0142k\u0105 na adres p.ostolski@canvas.pl.<\/li>\n<li><\/li>\n<li>\u2022\u00a0\u00a0\u00a0 Kategorie danych osobowych, kt\u00f3re mog\u0105 by\u0107 przetwarzane przez Sp\u00f3\u0142k\u0119 to:<\/li>\n<li>(i)\u00a0 imi\u0119, nazwisko, adres email, numer telefonu, miejsce pracy oraz stanowisko s\u0142u\u017cbowe os\u00f3b zaanga\u017cowanych w kontakt ze Sp\u00f3\u0142k\u0105.<\/li>\n<li>(ii) Dane identyfikacyjne oraz kontaktowe innych os\u00f3b, o ile przetwarzanie tych danych jest uzasadnione przepisami rozporz\u0105dzenia.<\/li>\n<li><\/li>\n<li>\u2022\u00a0\u00a0\u00a0 Sp\u00f3\u0142ka przekazuje dane osobowe innym podmiotom wy\u0142\u0105cznie wtedy, gdy zezwalaj\u0105 na to przepisy prawa, na podstawie odpowiednich um\u00f3w oraz z poszanowaniem wymog\u00f3w bezpiecze\u0144stwa i poufno\u015bci tych danych. Dane osobowe mog\u0105 by\u0107 udost\u0119pniane zewn\u0119trznym dostawcom us\u0142ug, wspieraj\u0105cym Sp\u00f3\u0142k\u0119 w kwestiach prawnych, audytach czy \u015bwiadcz\u0105cym na rzecz Sp\u00f3\u0142ki inne us\u0142ugi zwi\u0105zane z konieczno\u015bci\u0105 dost\u0119pu do bazy danych osobowych b\u0119d\u0105cej w zasobach Sp\u00f3\u0142ki jako administratora danych osobowych. Sp\u00f3\u0142ka. nie przekazuje danych osobowych poza Europejski Obszar Gospodarczy.<\/li>\n<li><\/li>\n<li>\u2022\u00a0\u00a0\u00a0 Czas, przez jaki Sp\u00f3\u0142ka mo\u017ce przetwarza\u0107 dane osobowe, jest uzale\u017cniony od podstawy prawnej stanowi\u0105cej legaln\u0105 przes\u0142ank\u0119 przetwarzania danych osobowych przez Sp\u00f3\u0142k\u0119, przy czym:<\/li>\n<li>(i)\u00a0 w przypadku, gdy Sp\u00f3\u0142ka przetwarza dane osobowe na podstawie zgody, okres przetwarzania trwa do momentu wycofania tej zgody przez u\u017cytkownika;<\/li>\n<li>(ii) w przypadku, gdy Sp\u00f3\u0142ka przetwarza dane osobowe na podstawie uzasadnionego interesu administratora danych, okres przetwarzania trwa do momentu ustania tego interesu (np. okres przedawnienia roszcze\u0144 cywilnoprawnych) lub do momentu sprzeciwienia si\u0119 osoby, kt\u00f3rej dane dotycz\u0105, dalszemu takiemu przetwarzaniu \u2013 w sytuacjach, gdy sprzeciw taki zgodnie z przepisami prawa przys\u0142uguje;<\/li>\n<li>(iii)przypadku, gdy Sp\u00f3\u0142ka przetwarza dane osobowe, poniewa\u017c jest to konieczne z uwagi na obowi\u0105zuj\u0105ce przepisy prawa, okresy przetwarzania danych w tym celu okre\u015blaj\u0105 te przepisy;<\/li>\n<li>(iv) w przypadku braku konkretnych wymog\u00f3w prawnych lub umownych, podstawowy okres przechowywania danych w przypadku zapis\u00f3w i innej dokumentacji dowodowej sporz\u0105dzonej w trakcie wykonywania umowy maksymalnie 10 lat.<\/li>\n<li><\/li>\n<li>\u2022\u00a0\u00a0\u00a0 Osoby, kt\u00f3rych dane osobowe s\u0105 przetwarzane, maj\u0105 prawo dost\u0119pu do tre\u015bci swoich danych oraz prawo ich sprostowania, usuni\u0119cia, \u017c\u0105dania ograniczenia ich przetwarzania, prawo do przenoszenia danych oraz prawo wniesienia sprzeciwu wobec ich przetwarzania. Prawo to mo\u017cna wykonywa\u0107 poprzez wys\u0142anie e-maila na adres: p.ostolski@canvas.pl.<\/li>\n<li><\/li>\n<li>\u2022\u00a0\u00a0\u00a0 Osoby, kt\u00f3rych dane osobowe s\u0105 przetwarzane maj\u0105 prawo wniesienia skargi do organu nadzorczego, kt\u00f3rym jest Prezes Urz\u0119du Ochrony Danych Osobowych (adres: ul. Stawki 2, 00-193 Warszawa, w przypadku uznania, i\u017c przetwarzanie danych osobowych narusza przepisy Rozporz\u0105dzenia.<\/li>\n<li><\/li>\n<li>\u2022\u00a0\u00a0\u00a0 Sp\u00f3\u0142ka na bie\u017c\u0105co aktualizuje zasady ochrony danych osobowych. Ostatnia aktualizacja mia\u0142a miejsce w dniu 23 lutego 2021 r.<\/li>\n<\/ol>\n","protected":false},"excerpt":{"rendered":"Zgodnie z art. 13 ust. 1 i ust. 2 Rozporz\u0105dzenia Parlamentu Europejskiego i Rady (UE) 2016\/679 w sprawie ochrony os\u00f3b fizycznych w zwi\u0105zku z przetwarzaniem danych osobowych i w sprawie swobodnego przep\u0142ywu takich danych oraz uchylenia dyrektywy 95\/46\/WE (dalej: \u201eRozporz\u0105dzenie\u201d) informujemy, \u017ce: \u2022\u00a0\u00a0\u00a0 Administratorem Pa\u0144stwa danych osobowych jest Canvas Sp\u00f3\u0142ka z ograniczon\u0105 odpowiedzialno\u015bci\u0105 sp.k. z&#8230; <a class=\"view-article\" href=\"https:\/\/canvas.pl\/en\/klauzula-informacyjna\/\">View Article<\/a>","protected":false},"author":2,"featured_media":0,"parent":0,"menu_order":0,"comment_status":"closed","ping_status":"closed","template":"elementor_header_footer","meta":{"footnotes":""},"class_list":["post-1660","page","type-page","status-publish","hentry"],"_links":{"self":[{"href":"https:\/\/canvas.pl\/en\/wp-json\/wp\/v2\/pages\/1660","targetHints":{"allow":["GET"]}}],"collection":[{"href":"https:\/\/canvas.pl\/en\/wp-json\/wp\/v2\/pages"}],"about":[{"href":"https:\/\/canvas.pl\/en\/wp-json\/wp\/v2\/types\/page"}],"author":[{"embeddable":true,"href":"https:\/\/canvas.pl\/en\/wp-json\/wp\/v2\/users\/2"}],"replies":[{"embeddable":true,"href":"https:\/\/canvas.pl\/en\/wp-json\/wp\/v2\/comments?post=1660"}],"version-history":[{"count":19,"href":"https:\/\/canvas.pl\/en\/wp-json\/wp\/v2\/pages\/1660\/revisions"}],"predecessor-version":[{"id":1697,"href":"https:\/\/canvas.pl\/en\/wp-json\/wp\/v2\/pages\/1660\/revisions\/1697"}],"wp:attachment":[{"href":"https:\/\/canvas.pl\/en\/wp-json\/wp\/v2\/media?parent=1660"}],"curies":[{"name":"wp","href":"https:\/\/api.w.org\/{rel}","templated":true}]}}