{"id":433,"date":"2015-11-08T00:10:19","date_gmt":"2015-11-07T23:10:19","guid":{"rendered":"http:\/\/dev.canvas.maksymilian.org\/?page_id=433"},"modified":"2020-05-11T15:10:49","modified_gmt":"2020-05-11T13:10:49","slug":"reklamy-podswietlane","status":"publish","type":"page","link":"https:\/\/canvas.pl\/en\/reklamy-podswietlane\/","title":{"rendered":"Illuminated ads"},"content":{"rendered":"<p class=\"qtranxs-available-languages-message qtranxs-available-languages-message-en\">Sorry, this entry is only available in <a href=\"https:\/\/canvas.pl\/pl\/wp-json\/wp\/v2\/pages\/433\" class=\"qtranxs-available-language-link qtranxs-available-language-link-pl\" title=\"Polski\">Polski<\/a>. For the sake of viewer convenience, the content is shown below in the alternative language. You may click the link to switch the active language.<\/p><p>Widoczne zar\u00f3wno w dzie\u0144, jak i w nocy. Oferujemy kompleksow\u0105 us\u0142ug\u0119 od projektu poprzez wykonanie i monta\u017c. Rodzaj \u015bwiat\u0142a dobieramy indywidualnie.<\/p>","protected":false},"excerpt":{"rendered":"Sorry, this entry is only available in Polski. For the sake of viewer convenience, the content is shown below in the alternative language. You may click the link to switch the active language.Widoczne zar\u00f3wno w dzie\u0144, jak i w nocy. Oferujemy kompleksow\u0105 us\u0142ug\u0119 od projektu poprzez wykonanie i monta\u017c. Rodzaj \u015bwiat\u0142a dobieramy indywidualnie.","protected":false},"author":1,"featured_media":1004,"parent":0,"menu_order":0,"comment_status":"closed","ping_status":"closed","template":"page-templates\/service-page.php","meta":{"footnotes":""},"class_list":["post-433","page","type-page","status-publish","has-post-thumbnail","hentry"],"_links":{"self":[{"href":"https:\/\/canvas.pl\/en\/wp-json\/wp\/v2\/pages\/433","targetHints":{"allow":["GET"]}}],"collection":[{"href":"https:\/\/canvas.pl\/en\/wp-json\/wp\/v2\/pages"}],"about":[{"href":"https:\/\/canvas.pl\/en\/wp-json\/wp\/v2\/types\/page"}],"author":[{"embeddable":true,"href":"https:\/\/canvas.pl\/en\/wp-json\/wp\/v2\/users\/1"}],"replies":[{"embeddable":true,"href":"https:\/\/canvas.pl\/en\/wp-json\/wp\/v2\/comments?post=433"}],"version-history":[{"count":4,"href":"https:\/\/canvas.pl\/en\/wp-json\/wp\/v2\/pages\/433\/revisions"}],"predecessor-version":[{"id":1631,"href":"https:\/\/canvas.pl\/en\/wp-json\/wp\/v2\/pages\/433\/revisions\/1631"}],"wp:featuredmedia":[{"embeddable":true,"href":"https:\/\/canvas.pl\/en\/wp-json\/wp\/v2\/media\/1004"}],"wp:attachment":[{"href":"https:\/\/canvas.pl\/en\/wp-json\/wp\/v2\/media?parent=433"}],"curies":[{"name":"wp","href":"https:\/\/api.w.org\/{rel}","templated":true}]}}